{"id":116,"date":"2011-04-17T19:11:48","date_gmt":"2011-04-17T22:11:48","guid":{"rendered":"http:\/\/localhost\/Blog\/?page_id=116"},"modified":"2020-03-31T10:43:36","modified_gmt":"2020-03-31T13:43:36","slug":"videos","status":"publish","type":"page","link":"https:\/\/www.lu6dkt.com.ar\/?page_id=116","title":{"rendered":"Videos"},"content":{"rendered":"\n<p>ACTIVIDAD DE CAMPO DESDE LAGUNA LAS PERDICES (31 DE MARZO 2012)<\/p>\n\n\n\n<p><a href=\"https:\/\/www.facebook.com\/100001245263543\/videos\/352824504769055\/?t=51\">https:\/\/www.facebook.com\/100001245263543\/videos\/LAGUNA LAS PERDICES<\/a> <\/p>\n\n\n<h2>TX AL FASEBOOK<\/h2>\n<p>Recepci\u00f3n im\u00e1genes (SSTV, PD120) de ARRIS (ZAYRA)\u00a0 d\u00eda 10-10-2019 GF05PK antena: direccional 5 elementos en posici\u00f3n vertical.<\/p>\n<p><div id=\"fb-root\"><\/div><script async=\"1\" defer=\"1\" crossorigin=\"anonymous\" src=\"https:\/\/connect.facebook.net\/en_US\/sdk.js#xfbml=1&amp;version=v6.0\"><\/script><div class=\"fb-video\" data-href=\"https:\/\/www.facebook.com\/100001245263543\/videos\/2708235422561273\/?t=23\" data-width=\"640\"><blockquote cite=\"https:\/\/www.facebook.com\/100001245263543\/videos\/2708235422561273\/\" class=\"fb-xfbml-parse-ignore\"><a href=\"https:\/\/www.facebook.com\/100001245263543\/videos\/2708235422561273\/\"><\/a><p>Captura de im\u00e1genes de la ZAYRA(ISS). En directo. El programa de seguimiento es v\u00eda internet, pero la imagen se toma v\u00eda radio frecuencia.73dx<\/p>Posted by <a href=\"https:\/\/www.facebook.com\/people\/Jorge-Perez\/100001245263543\">Jorge Perez<\/a> on Thursday, October 10, 2019<\/blockquote><\/div><\/p>\n<h2>\u00a0<\/h2>\n<h2>Entrevistas varias.<\/h2>\n<p><div id=\"fb-root\"><\/div><script async=\"1\" defer=\"1\" crossorigin=\"anonymous\" src=\"https:\/\/connect.facebook.net\/en_US\/sdk.js#xfbml=1&amp;version=v6.0\"><\/script><div class=\"fb-video\" data-href=\"https:\/\/www.facebook.com\/100001245263543\/videos\/2563824993668984\/?t=4\" data-width=\"640\"><blockquote cite=\"https:\/\/www.facebook.com\/100001245263543\/videos\/2563824993668984\/\" class=\"fb-xfbml-parse-ignore\"><a href=\"https:\/\/www.facebook.com\/100001245263543\/videos\/2563824993668984\/\"><\/a><p><\/p>Posted by <a href=\"https:\/\/www.facebook.com\/people\/Jorge-Perez\/100001245263543\">Jorge Perez<\/a> on Saturday, July 27, 2019<\/blockquote><\/div><\/p>\n<h2><a href=\"https:\/\/www.facebook.com\/100001245263543\/videos\/2563824993668984\/\">Enfmtransito93.9programanoestamossolos<\/a><\/h2>\n<p><strong>Todo el elenco del programa<\/strong><\/p>\n<p><img src=\"https:\/\/scontent.faep10-1.fna.fbcdn.net\/v\/t1.0-9\/67232106_2563923630325787_8021530493969235968_n.jpg?_nc_cat=107&amp;_nc_oc=AQmFpwuVVGIR00CsDyhvF3FbxG4VN973R8W3m9Y3SLywJtqPklfqubGZfULk0ELumu0&amp;_nc_ht=scontent.faep10-1.fna&amp;oh=6e64ab4265bd18df16e2989c94f211ac&amp;oe=5E296E29\" alt=\"La imagen puede contener: 9 personas, incluidos Jorge Perez y Flower AP, personas sonriendo, gafas, selfie, interior y primer plano\" \/><\/p>\n<hr \/>\n<h2>LU6DKT\/LU0D Y G.E.L.P.<\/h2>\n<p><a href=\"http:\/\/www.youtube.com\/results?search_query=lu6dkt&amp;aq=0\">http:\/\/www.youtube.com\/results?search_query=lu6dkt&amp;aq=0<\/a><\/p>\n<p><em><span style=\"text-decoration: underline;\"><a href=\"http:\/\/www.envivoahora.tv\/cgi-bin\/eventos-en-vivo.pl?idC=136953&amp;T=2&amp;idS=4&amp;L=0\">http:\/\/www.envivoahora.tv\/cgi-bin\/eventos-en-vivo.pl?idC=136953&amp;T=2&amp;idS=4&amp;L=0<\/a><\/span><\/em><\/p>\n<p><em><span style=\"text-decoration: underline;\"><a href=\"http:\/\/www.facebook.com\/video\/video.php?v=268547649863408&amp;ref=notif&amp;notif_t=video_processed\">http:\/\/www.facebook.com\/video\/video.php?v=268547649863408&amp;ref=notif&amp;notif_t=video_processed<\/a> , <\/span>(cumple de mi madre, 90 a\u00f1os).<\/em><\/p>\n<h2><span style=\"text-decoration: underline;\"><em>AC6RB<\/em><\/span><\/h2>\n<p><a href=\"http:\/\/www.youtube.com\/results?search_query=ac6rb&amp;aq=f\">http:\/\/www.youtube.com\/results?search_query=ac6rb&amp;aq=f<\/a><\/p>","protected":false},"excerpt":{"rendered":"<p>ACTIVIDAD DE CAMPO DESDE LAGUNA LAS PERDICES (31 DE MARZO 2012) https:\/\/www.facebook.com\/100001245263543\/videos\/LAGUNA LAS PERDICES TX AL FASEBOOK Recepci\u00f3n im\u00e1genes (SSTV, PD120) de ARRIS (ZAYRA)\u00a0 d\u00eda 10-10-2019 GF05PK antena: direccional 5 elementos en posici\u00f3n vertical. Captura de im\u00e1genes de la ZAYRA(ISS). En directo. El programa de seguimiento es v\u00eda internet, pero la imagen se toma v\u00eda [&hellip;]<\/p>\n","protected":false},"author":1,"featured_media":0,"parent":0,"menu_order":4,"comment_status":"closed","ping_status":"open","template":"","meta":[],"_links":{"self":[{"href":"https:\/\/www.lu6dkt.com.ar\/index.php?rest_route=\/wp\/v2\/pages\/116"}],"collection":[{"href":"https:\/\/www.lu6dkt.com.ar\/index.php?rest_route=\/wp\/v2\/pages"}],"about":[{"href":"https:\/\/www.lu6dkt.com.ar\/index.php?rest_route=\/wp\/v2\/types\/page"}],"author":[{"embeddable":true,"href":"https:\/\/www.lu6dkt.com.ar\/index.php?rest_route=\/wp\/v2\/users\/1"}],"replies":[{"embeddable":true,"href":"https:\/\/www.lu6dkt.com.ar\/index.php?rest_route=%2Fwp%2Fv2%2Fcomments&post=116"}],"version-history":[{"count":31,"href":"https:\/\/www.lu6dkt.com.ar\/index.php?rest_route=\/wp\/v2\/pages\/116\/revisions"}],"predecessor-version":[{"id":4789,"href":"https:\/\/www.lu6dkt.com.ar\/index.php?rest_route=\/wp\/v2\/pages\/116\/revisions\/4789"}],"wp:attachment":[{"href":"https:\/\/www.lu6dkt.com.ar\/index.php?rest_route=%2Fwp%2Fv2%2Fmedia&parent=116"}],"curies":[{"name":"wp","href":"https:\/\/api.w.org\/{rel}","templated":true}]}}