{"id":1280,"date":"2011-08-04T21:20:37","date_gmt":"2011-08-05T00:20:37","guid":{"rendered":"http:\/\/lu6dkt.com.ar\/?page_id=1280"},"modified":"2013-12-13T14:34:38","modified_gmt":"2013-12-13T17:34:38","slug":"otros","status":"publish","type":"page","link":"https:\/\/www.lu6dkt.com.ar\/?page_id=1280","title":{"rendered":"OTROS"},"content":{"rendered":"<h2>Oportunidades a la venta:<\/h2>\n<p>Monitores PC varios (para repuestos).<\/p>\n<p>Gabinetes PC varios (usados).<\/p>\n<p>Equipo de aire acondicionado (para repuesto, especial para Heladeras mostrador).<\/p>\n<p>Montura completa ( especial para Agrupaciones tradicionalista, nueva).<\/p>\n<p>Grupo de engranajes caja de cambios \u00a0Fiat Fiorino (usado).<\/p>\n<p>Casa trailer (especial para actividades al aire libre, capacidad c\u00f3moda 4 personas<\/p>\n<p>ba\u00f1o qu\u00edmico, cocina, heladera, ante carpa), consulta v\u00eda mail:\u00a0<a href=\"https:\/\/www.lu6dkt.com.ar\/wp-content\/uploads\/2011\/05\/SANY0019.jpg\">lu6dkt@yahoo.com.ar<\/a><\/p>\n<p>Algunas im\u00e1genes del trailer en:<\/p>\n<p><a href=\"https:\/\/www.lu6dkt.com.ar\/wp-content\/uploads\/2011\/05\/SANY0019.jpg\">https:\/\/www.lu6dkt.com.ar\/wp-content\/uploads\/2011\/05\/SANY0019.jpg<\/a><\/p>\n<p><a href=\"https:\/\/www.lu6dkt.com.ar\/wp-content\/uploads\/2011\/05\/saladillo-diario-abc.jpg\">https:\/\/www.lu6dkt.com.ar\/wp-content\/uploads\/2011\/05\/saladillo-diario-abc.jpg<\/a>)<\/p>\n","protected":false},"excerpt":{"rendered":"<p>Oportunidades a la venta: Monitores PC varios (para repuestos). Gabinetes PC varios (usados). Equipo de aire acondicionado (para repuesto, especial para Heladeras mostrador). Montura completa ( especial para Agrupaciones tradicionalista, nueva). Grupo de engranajes caja de cambios \u00a0Fiat Fiorino (usado). Casa trailer (especial para actividades al aire libre, capacidad c\u00f3moda 4 personas ba\u00f1o qu\u00edmico, cocina, [&hellip;]<\/p>\n","protected":false},"author":2,"featured_media":0,"parent":610,"menu_order":4,"comment_status":"closed","ping_status":"open","template":"","meta":[],"_links":{"self":[{"href":"https:\/\/www.lu6dkt.com.ar\/index.php?rest_route=\/wp\/v2\/pages\/1280"}],"collection":[{"href":"https:\/\/www.lu6dkt.com.ar\/index.php?rest_route=\/wp\/v2\/pages"}],"about":[{"href":"https:\/\/www.lu6dkt.com.ar\/index.php?rest_route=\/wp\/v2\/types\/page"}],"author":[{"embeddable":true,"href":"https:\/\/www.lu6dkt.com.ar\/index.php?rest_route=\/wp\/v2\/users\/2"}],"replies":[{"embeddable":true,"href":"https:\/\/www.lu6dkt.com.ar\/index.php?rest_route=%2Fwp%2Fv2%2Fcomments&post=1280"}],"version-history":[{"count":8,"href":"https:\/\/www.lu6dkt.com.ar\/index.php?rest_route=\/wp\/v2\/pages\/1280\/revisions"}],"predecessor-version":[{"id":1405,"href":"https:\/\/www.lu6dkt.com.ar\/index.php?rest_route=\/wp\/v2\/pages\/1280\/revisions\/1405"}],"up":[{"embeddable":true,"href":"https:\/\/www.lu6dkt.com.ar\/index.php?rest_route=\/wp\/v2\/pages\/610"}],"wp:attachment":[{"href":"https:\/\/www.lu6dkt.com.ar\/index.php?rest_route=%2Fwp%2Fv2%2Fmedia&parent=1280"}],"curies":[{"name":"wp","href":"https:\/\/api.w.org\/{rel}","templated":true}]}}