{"id":381,"date":"2011-05-21T14:23:04","date_gmt":"2011-05-21T17:23:04","guid":{"rendered":"http:\/\/lu6dkt.com.ar\/?page_id=381"},"modified":"2019-03-24T23:14:53","modified_gmt":"2019-03-25T02:14:53","slug":"scouts","status":"publish","type":"page","link":"https:\/\/www.lu6dkt.com.ar\/?page_id=381","title":{"rendered":"Scouts"},"content":{"rendered":"<h2>Tx desde el Grupo Scout Gral. A. De Lamadrid en el Dia del Scout y el Jota Joti 2018.<\/h2>\n<p><a href=\"https:\/\/www.lu6dkt.com.ar\/?attachment_id=4356\" rel=\"attachment wp-att-4356\"><img loading=\"lazy\" class=\"alignright size-medium wp-image-4356\" src=\"https:\/\/www.lu6dkt.com.ar\/wp-content\/uploads\/2011\/05\/AC-LAMADRID-D-SCOUT-1-225x300.jpg\" alt=\"\" width=\"225\" height=\"300\" srcset=\"https:\/\/www.lu6dkt.com.ar\/wp-content\/uploads\/2011\/05\/AC-LAMADRID-D-SCOUT-1-225x300.jpg 225w, https:\/\/www.lu6dkt.com.ar\/wp-content\/uploads\/2011\/05\/AC-LAMADRID-D-SCOUT-1.jpg 720w\" sizes=\"(max-width: 225px) 100vw, 225px\" \/><\/a> <a href=\"https:\/\/www.lu6dkt.com.ar\/?attachment_id=4357\" rel=\"attachment wp-att-4357\"><img loading=\"lazy\" class=\"alignright size-medium wp-image-4357\" src=\"https:\/\/www.lu6dkt.com.ar\/wp-content\/uploads\/2011\/05\/AC-LAMADRID-D-SCOUT-2-225x300.jpg\" alt=\"\" width=\"225\" height=\"300\" srcset=\"https:\/\/www.lu6dkt.com.ar\/wp-content\/uploads\/2011\/05\/AC-LAMADRID-D-SCOUT-2-225x300.jpg 225w, https:\/\/www.lu6dkt.com.ar\/wp-content\/uploads\/2011\/05\/AC-LAMADRID-D-SCOUT-2.jpg 720w\" sizes=\"(max-width: 225px) 100vw, 225px\" \/><\/a> <a href=\"https:\/\/www.lu6dkt.com.ar\/?attachment_id=4358\" rel=\"attachment wp-att-4358\"><img loading=\"lazy\" class=\"size-medium wp-image-4358 aligncenter\" src=\"https:\/\/www.lu6dkt.com.ar\/wp-content\/uploads\/2011\/05\/AC-LAMADRID-D-SCOUT-225x300.jpg\" alt=\"\" width=\"225\" height=\"300\" srcset=\"https:\/\/www.lu6dkt.com.ar\/wp-content\/uploads\/2011\/05\/AC-LAMADRID-D-SCOUT-225x300.jpg 225w, https:\/\/www.lu6dkt.com.ar\/wp-content\/uploads\/2011\/05\/AC-LAMADRID-D-SCOUT.jpg 720w\" sizes=\"(max-width: 225px) 100vw, 225px\" \/><\/a><\/p>\n<h2><a href=\"https:\/\/www.facebook.com\/captoni\/videos\/1255666107785313\/\">TX desde Campamento Scout, Distrito: 7, Zona: 10. D\u00eda del SCOUT.\u00a0<\/a>\u00a0(3\/9\/2016)<\/h2>\n<p>\u00a0<\/p>\n<h2>TX desde Necochea, QSL \u00bb Campamento Scout Nacional: CANAPA y AULLIDOS\u00bb. enero 2016<\/h2>\n<div id=\"attachment_3969\" style=\"width: 310px\" class=\"wp-caption aligncenter\"><a href=\"https:\/\/www.lu6dkt.com.ar\/?attachment_id=3969\" rel=\"attachment wp-att-3969\"><img aria-describedby=\"caption-attachment-3969\" loading=\"lazy\" class=\"size-medium wp-image-3969\" src=\"https:\/\/www.lu6dkt.com.ar\/wp-content\/uploads\/2011\/05\/tute-yotero2-300x225.jpg\" alt=\"SANYO DIGITAL CAMERA\" width=\"300\" height=\"225\" srcset=\"https:\/\/www.lu6dkt.com.ar\/wp-content\/uploads\/2011\/05\/tute-yotero2-300x225.jpg 300w, https:\/\/www.lu6dkt.com.ar\/wp-content\/uploads\/2011\/05\/tute-yotero2-768x576.jpg 768w, https:\/\/www.lu6dkt.com.ar\/wp-content\/uploads\/2011\/05\/tute-yotero2-1024x768.jpg 1024w\" sizes=\"(max-width: 300px) 100vw, 300px\" \/><\/a><p id=\"caption-attachment-3969\" class=\"wp-caption-text\">Integrante de la Banda SCOUT \u00bb CABEZA DE TURCO\u00bb en la prueba de sonido. Tute y Luis Otero.<\/p><\/div>\n<p>\u00a0<\/p>\n<h2>TX QSL \u00ab80\u00b0 Aniversario G. Scout Pte. Sarmiento\u00bb . 9\/7\/2015<\/h2>\n<p><strong>Actividad de campo desde el Grupo Scout Pte. Sarmiento. (operadores: LU1BCP Alejandro, LU8EAD Carlos, LU6DKT Jorge).<\/strong><\/p>\n<p>\u00a0<\/p>\n<p><a href=\"https:\/\/www.lu6dkt.com.ar\/wp-content\/uploads\/2011\/05\/1pte-sarmiento-80ani.jpg\"><img loading=\"lazy\" class=\"alignleft wp-image-3865 size-medium\" src=\"https:\/\/www.lu6dkt.com.ar\/wp-content\/uploads\/2011\/05\/1pte-sarmiento-80ani-165x300.jpg\" alt=\"1pte sarmiento 80ani\" width=\"165\" height=\"300\" srcset=\"https:\/\/www.lu6dkt.com.ar\/wp-content\/uploads\/2011\/05\/1pte-sarmiento-80ani-165x300.jpg 165w, https:\/\/www.lu6dkt.com.ar\/wp-content\/uploads\/2011\/05\/1pte-sarmiento-80ani.jpg 528w\" sizes=\"(max-width: 165px) 100vw, 165px\" \/><\/a> <a href=\"https:\/\/www.lu6dkt.com.ar\/wp-content\/uploads\/2011\/05\/2pte-sarmiento-80ani.jpg\"><img loading=\"lazy\" class=\"aligncenter size-medium wp-image-3866\" src=\"https:\/\/www.lu6dkt.com.ar\/wp-content\/uploads\/2011\/05\/2pte-sarmiento-80ani-300x169.jpg\" alt=\"2pte sarmiento 80ani\" width=\"300\" height=\"169\" srcset=\"https:\/\/www.lu6dkt.com.ar\/wp-content\/uploads\/2011\/05\/2pte-sarmiento-80ani-300x169.jpg 300w, https:\/\/www.lu6dkt.com.ar\/wp-content\/uploads\/2011\/05\/2pte-sarmiento-80ani.jpg 960w\" sizes=\"(max-width: 300px) 100vw, 300px\" \/><\/a> <a href=\"https:\/\/www.lu6dkt.com.ar\/wp-content\/uploads\/2011\/05\/3pte-sarmiento-80ani.jpg\"><img loading=\"lazy\" class=\" size-medium wp-image-3867 alignnone\" src=\"https:\/\/www.lu6dkt.com.ar\/wp-content\/uploads\/2011\/05\/3pte-sarmiento-80ani-300x169.jpg\" alt=\"3pte sarmiento 80ani\" width=\"300\" height=\"169\" srcset=\"https:\/\/www.lu6dkt.com.ar\/wp-content\/uploads\/2011\/05\/3pte-sarmiento-80ani-300x169.jpg 300w, https:\/\/www.lu6dkt.com.ar\/wp-content\/uploads\/2011\/05\/3pte-sarmiento-80ani.jpg 960w\" sizes=\"(max-width: 300px) 100vw, 300px\" \/><\/a> <a href=\"https:\/\/www.lu6dkt.com.ar\/wp-content\/uploads\/2011\/05\/4pte-sarmiento-80ani.jpg\"><img loading=\"lazy\" class=\" size-medium wp-image-3868 alignright\" src=\"https:\/\/www.lu6dkt.com.ar\/wp-content\/uploads\/2011\/05\/4pte-sarmiento-80ani-300x169.jpg\" alt=\"4pte sarmiento 80ani\" width=\"300\" height=\"169\" srcset=\"https:\/\/www.lu6dkt.com.ar\/wp-content\/uploads\/2011\/05\/4pte-sarmiento-80ani-300x169.jpg 300w, https:\/\/www.lu6dkt.com.ar\/wp-content\/uploads\/2011\/05\/4pte-sarmiento-80ani.jpg 960w\" sizes=\"(max-width: 300px) 100vw, 300px\" \/><\/a> <a href=\"https:\/\/www.lu6dkt.com.ar\/wp-content\/uploads\/2011\/05\/5pte-sarmiento-80ani.jpg\"><img loading=\"lazy\" class=\" size-medium wp-image-3869 alignright\" src=\"https:\/\/www.lu6dkt.com.ar\/wp-content\/uploads\/2011\/05\/5pte-sarmiento-80ani-300x169.jpg\" alt=\"5pte sarmiento 80ani\" width=\"300\" height=\"169\" srcset=\"https:\/\/www.lu6dkt.com.ar\/wp-content\/uploads\/2011\/05\/5pte-sarmiento-80ani-300x169.jpg 300w, https:\/\/www.lu6dkt.com.ar\/wp-content\/uploads\/2011\/05\/5pte-sarmiento-80ani.jpg 960w\" sizes=\"(max-width: 300px) 100vw, 300px\" \/><\/a> <a href=\"https:\/\/www.lu6dkt.com.ar\/wp-content\/uploads\/2011\/05\/6pte-sarmiento-80ani.jpg\"><img loading=\"lazy\" class=\"aligncenter size-medium wp-image-3870\" src=\"https:\/\/www.lu6dkt.com.ar\/wp-content\/uploads\/2011\/05\/6pte-sarmiento-80ani-300x169.jpg\" alt=\"6pte sarmiento 80ani\" width=\"300\" height=\"169\" srcset=\"https:\/\/www.lu6dkt.com.ar\/wp-content\/uploads\/2011\/05\/6pte-sarmiento-80ani-300x169.jpg 300w, https:\/\/www.lu6dkt.com.ar\/wp-content\/uploads\/2011\/05\/6pte-sarmiento-80ani.jpg 960w\" sizes=\"(max-width: 300px) 100vw, 300px\" \/><\/a><\/p>\n<h2>Jota Joti 2014 TX \u00a0desde Grupo Scout Stma. Trinidad \u00a018\/10\/2014<\/h2>\n<p><strong><em>Con la participaci\u00f3n de los Grupos Scout: San Pompillo, San Fco. Solano, Ntra. Sra. de F\u00e1tima, Sta. Maria de los Buenos Aires, etc.<\/em><\/strong><\/p>\n<p><a href=\"https:\/\/www.lu6dkt.com.ar\/wp-content\/uploads\/2011\/05\/jota-14.jpg\"><img loading=\"lazy\" class=\"aligncenter size-medium wp-image-3603\" src=\"https:\/\/www.lu6dkt.com.ar\/wp-content\/uploads\/2011\/05\/jota-14-300x198.jpg\" alt=\"jota 14\" width=\"300\" height=\"198\" srcset=\"https:\/\/www.lu6dkt.com.ar\/wp-content\/uploads\/2011\/05\/jota-14-300x198.jpg 300w, https:\/\/www.lu6dkt.com.ar\/wp-content\/uploads\/2011\/05\/jota-14.jpg 960w\" sizes=\"(max-width: 300px) 100vw, 300px\" \/><\/a><a href=\"https:\/\/www.lu6dkt.com.ar\/wp-content\/uploads\/2011\/05\/jota-61.jpg\"><img loading=\"lazy\" class=\"aligncenter size-medium wp-image-3602\" src=\"https:\/\/www.lu6dkt.com.ar\/wp-content\/uploads\/2011\/05\/jota-61-300x198.jpg\" alt=\"jota 6\" width=\"300\" height=\"198\" srcset=\"https:\/\/www.lu6dkt.com.ar\/wp-content\/uploads\/2011\/05\/jota-61-300x198.jpg 300w, https:\/\/www.lu6dkt.com.ar\/wp-content\/uploads\/2011\/05\/jota-61.jpg 960w\" sizes=\"(max-width: 300px) 100vw, 300px\" \/><\/a><a href=\"https:\/\/www.lu6dkt.com.ar\/wp-content\/uploads\/2011\/05\/jota-7.jpg\"><img loading=\"lazy\" class=\"aligncenter size-medium wp-image-3600\" src=\"https:\/\/www.lu6dkt.com.ar\/wp-content\/uploads\/2011\/05\/jota-7-300x198.jpg\" alt=\"jota 7\" width=\"300\" height=\"198\" srcset=\"https:\/\/www.lu6dkt.com.ar\/wp-content\/uploads\/2011\/05\/jota-7-300x198.jpg 300w, https:\/\/www.lu6dkt.com.ar\/wp-content\/uploads\/2011\/05\/jota-7.jpg 960w\" sizes=\"(max-width: 300px) 100vw, 300px\" \/><\/a><a href=\"https:\/\/www.lu6dkt.com.ar\/wp-content\/uploads\/2011\/05\/jota-23.jpg\"><img loading=\"lazy\" class=\"aligncenter size-medium wp-image-3605\" src=\"https:\/\/www.lu6dkt.com.ar\/wp-content\/uploads\/2011\/05\/jota-23-300x198.jpg\" alt=\"jota 23\" width=\"300\" height=\"198\" srcset=\"https:\/\/www.lu6dkt.com.ar\/wp-content\/uploads\/2011\/05\/jota-23-300x198.jpg 300w, https:\/\/www.lu6dkt.com.ar\/wp-content\/uploads\/2011\/05\/jota-23.jpg 960w\" sizes=\"(max-width: 300px) 100vw, 300px\" \/><\/a><a href=\"https:\/\/www.lu6dkt.com.ar\/wp-content\/uploads\/2011\/05\/jota-8.jpg\"><img loading=\"lazy\" class=\"aligncenter size-medium wp-image-3598\" src=\"https:\/\/www.lu6dkt.com.ar\/wp-content\/uploads\/2011\/05\/jota-8-300x198.jpg\" alt=\"jota 8\" width=\"300\" height=\"198\" srcset=\"https:\/\/www.lu6dkt.com.ar\/wp-content\/uploads\/2011\/05\/jota-8-300x198.jpg 300w, https:\/\/www.lu6dkt.com.ar\/wp-content\/uploads\/2011\/05\/jota-8.jpg 960w\" sizes=\"(max-width: 300px) 100vw, 300px\" \/><\/a><a href=\"https:\/\/www.lu6dkt.com.ar\/wp-content\/uploads\/2011\/05\/jota-18.jpg\"><img loading=\"lazy\" class=\"aligncenter size-medium wp-image-3606\" src=\"https:\/\/www.lu6dkt.com.ar\/wp-content\/uploads\/2011\/05\/jota-18-300x198.jpg\" alt=\"jota 18\" width=\"300\" height=\"198\" srcset=\"https:\/\/www.lu6dkt.com.ar\/wp-content\/uploads\/2011\/05\/jota-18-300x198.jpg 300w, https:\/\/www.lu6dkt.com.ar\/wp-content\/uploads\/2011\/05\/jota-18.jpg 960w\" sizes=\"(max-width: 300px) 100vw, 300px\" \/><\/a><a href=\"https:\/\/www.lu6dkt.com.ar\/wp-content\/uploads\/2011\/05\/jota-12.jpg\"><img loading=\"lazy\" class=\"aligncenter size-medium wp-image-3599\" src=\"https:\/\/www.lu6dkt.com.ar\/wp-content\/uploads\/2011\/05\/jota-12-300x198.jpg\" alt=\"jota 12\" width=\"300\" height=\"198\" srcset=\"https:\/\/www.lu6dkt.com.ar\/wp-content\/uploads\/2011\/05\/jota-12-300x198.jpg 300w, https:\/\/www.lu6dkt.com.ar\/wp-content\/uploads\/2011\/05\/jota-12.jpg 960w\" sizes=\"(max-width: 300px) 100vw, 300px\" \/><\/a><a href=\"https:\/\/www.lu6dkt.com.ar\/wp-content\/uploads\/2011\/05\/jota-1.jpg\"><img loading=\"lazy\" class=\"aligncenter size-medium wp-image-3596\" src=\"https:\/\/www.lu6dkt.com.ar\/wp-content\/uploads\/2011\/05\/jota-1-300x198.jpg\" alt=\"jota 1\" width=\"300\" height=\"198\" srcset=\"https:\/\/www.lu6dkt.com.ar\/wp-content\/uploads\/2011\/05\/jota-1-300x198.jpg 300w, https:\/\/www.lu6dkt.com.ar\/wp-content\/uploads\/2011\/05\/jota-1.jpg 960w\" sizes=\"(max-width: 300px) 100vw, 300px\" \/><\/a><a href=\"https:\/\/www.lu6dkt.com.ar\/wp-content\/uploads\/2011\/05\/tripode-9.jpg\"><img loading=\"lazy\" class=\"aligncenter size-medium wp-image-3594\" src=\"https:\/\/www.lu6dkt.com.ar\/wp-content\/uploads\/2011\/05\/tripode-9-225x300.jpg\" alt=\"tripode 9\" width=\"225\" height=\"300\" srcset=\"https:\/\/www.lu6dkt.com.ar\/wp-content\/uploads\/2011\/05\/tripode-9-225x300.jpg 225w, https:\/\/www.lu6dkt.com.ar\/wp-content\/uploads\/2011\/05\/tripode-9.jpg 720w\" sizes=\"(max-width: 225px) 100vw, 225px\" \/><\/a><\/p>\n<h2><a href=\"https:\/\/www.lu6dkt.com.ar\/wp-content\/uploads\/2011\/05\/jota-16.jpg\"><img loading=\"lazy\" class=\"aligncenter size-medium wp-image-3613\" src=\"https:\/\/www.lu6dkt.com.ar\/wp-content\/uploads\/2011\/05\/jota-16-300x198.jpg\" alt=\"jota 16\" width=\"300\" height=\"198\" srcset=\"https:\/\/www.lu6dkt.com.ar\/wp-content\/uploads\/2011\/05\/jota-16-300x198.jpg 300w, https:\/\/www.lu6dkt.com.ar\/wp-content\/uploads\/2011\/05\/jota-16.jpg 960w\" sizes=\"(max-width: 300px) 100vw, 300px\" \/><\/a><\/h2>\n<h2><a href=\"https:\/\/www.lu6dkt.com.ar\/wp-content\/uploads\/2011\/05\/jota-11.jpg\"><img loading=\"lazy\" class=\"aligncenter size-medium wp-image-3614\" src=\"https:\/\/www.lu6dkt.com.ar\/wp-content\/uploads\/2011\/05\/jota-11-300x198.jpg\" alt=\"jota 11\" width=\"300\" height=\"198\" srcset=\"https:\/\/www.lu6dkt.com.ar\/wp-content\/uploads\/2011\/05\/jota-11-300x198.jpg 300w, https:\/\/www.lu6dkt.com.ar\/wp-content\/uploads\/2011\/05\/jota-11.jpg 960w\" sizes=\"(max-width: 300px) 100vw, 300px\" \/><\/a><\/h2>\n<h2>Jota Joti 2013, TX desde RC LU7DZV 20-10-2013<\/h2>\n<p><iframe loading=\"lazy\" src=\"\/\/www.youtube.com\/embed\/yDmZAMi3lis?list=UUFMEL4LeoA1L58voO7GJoJg\" width=\"560\" height=\"315\" frameborder=\"0\" allowfullscreen=\"allowfullscreen\"><\/iframe><br \/><a href=\"https:\/\/www.lu6dkt.com.ar\/wp-content\/uploads\/2011\/05\/tx-n.jpg\"><img loading=\"lazy\" class=\"aligncenter size-medium wp-image-2869\" src=\"https:\/\/www.lu6dkt.com.ar\/wp-content\/uploads\/2011\/05\/tx-n-300x225.jpg\" alt=\"tx n\" width=\"300\" height=\"225\" srcset=\"https:\/\/www.lu6dkt.com.ar\/wp-content\/uploads\/2011\/05\/tx-n-300x225.jpg 300w, https:\/\/www.lu6dkt.com.ar\/wp-content\/uploads\/2011\/05\/tx-n.jpg 720w\" sizes=\"(max-width: 300px) 100vw, 300px\" \/><\/a><a href=\"https:\/\/www.lu6dkt.com.ar\/wp-content\/uploads\/2011\/05\/tx-ma.jpg\"><img loading=\"lazy\" class=\"aligncenter size-medium wp-image-2870\" src=\"https:\/\/www.lu6dkt.com.ar\/wp-content\/uploads\/2011\/05\/tx-ma-300x225.jpg\" alt=\"tx ma\" width=\"300\" height=\"225\" srcset=\"https:\/\/www.lu6dkt.com.ar\/wp-content\/uploads\/2011\/05\/tx-ma-300x225.jpg 300w, https:\/\/www.lu6dkt.com.ar\/wp-content\/uploads\/2011\/05\/tx-ma.jpg 960w\" sizes=\"(max-width: 300px) 100vw, 300px\" \/><\/a><\/p>\n<p><a href=\"https:\/\/www.lu6dkt.com.ar\/wp-content\/uploads\/2011\/05\/tx-azul.jpg\"><img loading=\"lazy\" class=\"aligncenter size-medium wp-image-2868\" src=\"https:\/\/www.lu6dkt.com.ar\/wp-content\/uploads\/2011\/05\/tx-azul-300x225.jpg\" alt=\"tx azul\" width=\"300\" height=\"225\" srcset=\"https:\/\/www.lu6dkt.com.ar\/wp-content\/uploads\/2011\/05\/tx-azul-300x225.jpg 300w, https:\/\/www.lu6dkt.com.ar\/wp-content\/uploads\/2011\/05\/tx-azul.jpg 720w\" sizes=\"(max-width: 300px) 100vw, 300px\" \/><\/a><\/p>\n<p><a href=\"https:\/\/www.lu6dkt.com.ar\/wp-content\/uploads\/2011\/05\/jota-joti-con-muchachos.jpg\"><img loading=\"lazy\" class=\"aligncenter size-medium wp-image-2867\" src=\"https:\/\/www.lu6dkt.com.ar\/wp-content\/uploads\/2011\/05\/jota-joti-con-muchachos-300x168.jpg\" alt=\"jota joti con muchachos\" width=\"300\" height=\"168\" srcset=\"https:\/\/www.lu6dkt.com.ar\/wp-content\/uploads\/2011\/05\/jota-joti-con-muchachos-300x168.jpg 300w, https:\/\/www.lu6dkt.com.ar\/wp-content\/uploads\/2011\/05\/jota-joti-con-muchachos.jpg 720w\" sizes=\"(max-width: 300px) 100vw, 300px\" \/><\/a><\/p>\n<h3>2\u00b0 Encuentro de RA en el \u00a0Grupo Scout \u00abExaltaci\u00f3n de la CRUZ\u00bb<\/h3>\n<div id=\"attachment_2692\" style=\"width: 310px\" class=\"wp-caption aligncenter\"><a href=\"https:\/\/www.lu6dkt.com.ar\/wp-content\/uploads\/2011\/05\/182714_550285471689623_82985145_n.jpg\"><img aria-describedby=\"caption-attachment-2692\" loading=\"lazy\" class=\" wp-image-2692 \" title=\"2\u00b0 encuentro de RA en GS &quot;Exaltaci\u00f3n de la CRUZ&quot;\" src=\"https:\/\/www.lu6dkt.com.ar\/wp-content\/uploads\/2011\/05\/182714_550285471689623_82985145_n-300x168.jpg\" alt=\"2\u00b0 encuentro de RA en GS &quot;Exaltacion de la CRUZ&quot;\" width=\"300\" height=\"225\" \/><\/a><p id=\"caption-attachment-2692\" class=\"wp-caption-text\">2\u00b0 encuentro de RA en GS \u00abExaltaci\u00f3n de la CRUZ\u00bb<\/p><\/div>\n<h3>Entrega de Distinci\u00f3n VGM en Grupo Scout Gral. La Madrid.<\/h3>\n<div id=\"attachment_2690\" style=\"width: 410px\" class=\"wp-caption aligncenter\"><a href=\"https:\/\/www.lu6dkt.com.ar\/wp-content\/uploads\/2011\/05\/20130511_152500.jpg\"><img aria-describedby=\"caption-attachment-2690\" loading=\"lazy\" class=\" wp-image-2690 \" src=\"https:\/\/www.lu6dkt.com.ar\/wp-content\/uploads\/2011\/05\/20130511_152500-300x225.jpg\" alt=\"Entrega de Distintivo VGM en GS. Gral Lamadrid\" width=\"400\" height=\"400\" \/><\/a><p id=\"caption-attachment-2690\" class=\"wp-caption-text\">Entrega de Distintivo VGM en GS. Gral Lamadrid. en Ceremonia lectura de: Propuesta Corte de Honor y Resoluci\u00f3n de la Instituci\u00f3n.<\/p><\/div>\n<h3>Colocaci\u00f3n de Placa A VGM en Casa SCOUT:<\/h3>\n<div style=\"width: 410px\" class=\"wp-caption aligncenter\"><img loading=\"lazy\" title=\"Disertando en Casa SCOUT, previo a la colocaci\u00f3n de placa a VGM Scouts.\" src=\"https:\/\/fbcdn-sphotos-d-a.akamaihd.net\/hphotos-ak-prn1\/66854_438980229518801_1790688554_n.jpg\" alt=\"Disertando en Casa SCOUT, previo a la colocaci\u00f3n de placa a VGM Scouts.\" width=\"400\" height=\"500\" \/><p class=\"wp-caption-text\">Disertando en Casa SCOUT, previo a la colocaci\u00f3n de placa a VGM Scouts.<\/p><\/div>\n<div style=\"width: 490px\" class=\"wp-caption aligncenter\"><img loading=\"lazy\" class=\" \" title=\"Un foton!!\" src=\"https:\/\/fbcdn-sphotos-d-a.akamaihd.net\/hphotos-ak-ash3\/p480x480\/9963_512811035420935_1371776043_n.jpg\" alt=\"Foto: Reconocimiento de scout de argentina a los veteranos de guerra de malvinas scout .\" width=\"480\" height=\"640\" \/><p class=\"wp-caption-text\">Un foton!!.con mi nieto, luego que se descubre la placa conmemorativa. Tk a mi familia y todos los que componen Scout de Argentina. SIEMPRE LISTO!!<\/p><\/div>\n<p><strong>Jamboree 2011 desde G.Scout Pte Sarmiento<\/strong><\/p>\n<p style=\"text-align: center;\"><a href=\"https:\/\/www.lu6dkt.com.ar\/wp-content\/uploads\/2011\/05\/SANY0053.jpg\"><img loading=\"lazy\" class=\"size-medium wp-image-1059 aligncenter\" title=\"76\u00b0 Aniversario Grupo SCOUT Pte. Sarmiento\" src=\"https:\/\/www.lu6dkt.com.ar\/wp-content\/uploads\/2011\/05\/SANY0053-300x225.jpg\" alt=\"Expedici\u00f3n 76\u00b0 Aniversario Grupo SCOUT Pte. Sarmiento\" width=\"300\" height=\"225\" srcset=\"https:\/\/www.lu6dkt.com.ar\/wp-content\/uploads\/2011\/05\/SANY0053-300x225.jpg 300w, https:\/\/www.lu6dkt.com.ar\/wp-content\/uploads\/2011\/05\/SANY0053-1024x768.jpg 1024w\" sizes=\"(max-width: 300px) 100vw, 300px\" \/><\/a><\/p>\n<p style=\"text-align: center;\">LU0E- Carlos y los J\u00f3venes del grupo. Fotografo LU0D-Jorge<\/p>\n<p><a href=\"https:\/\/www.lu6dkt.com.ar\/wp-content\/uploads\/2011\/05\/SANY0052.jpg\"><img loading=\"lazy\" class=\"size-medium wp-image-1056 alignleft\" title=\"TX LU0E-Carlos e integrantes del Grupo Scout Sarmiento\" src=\"https:\/\/www.lu6dkt.com.ar\/wp-content\/uploads\/2011\/05\/SANY0052-300x225.jpg\" alt=\"76\u00b0 Aniversario Grupo Scout Sarmiento\" width=\"300\" height=\"225\" srcset=\"https:\/\/www.lu6dkt.com.ar\/wp-content\/uploads\/2011\/05\/SANY0052-300x225.jpg 300w, https:\/\/www.lu6dkt.com.ar\/wp-content\/uploads\/2011\/05\/SANY0052-1024x768.jpg 1024w\" sizes=\"(max-width: 300px) 100vw, 300px\" \/><\/a><\/p>\n<p><em><strong>9-7-2011 TX Grupo Scout Pte.Sarmiento<\/strong><\/em><a href=\"https:\/\/www.lu6dkt.com.ar\/wp-content\/uploads\/2011\/05\/SANY0046.jpg\"><img loading=\"lazy\" class=\"size-medium wp-image-1053 alignright\" title=\"76\u00b0 aniversario G.Scout Pte.Sarmiento\" src=\"https:\/\/www.lu6dkt.com.ar\/wp-content\/uploads\/2011\/05\/SANY0046-300x225.jpg\" alt=\"Grupo Scout Pte.Sarmiento\" width=\"300\" height=\"225\" srcset=\"https:\/\/www.lu6dkt.com.ar\/wp-content\/uploads\/2011\/05\/SANY0046-300x225.jpg 300w, https:\/\/www.lu6dkt.com.ar\/wp-content\/uploads\/2011\/05\/SANY0046-1024x768.jpg 1024w\" sizes=\"(max-width: 300px) 100vw, 300px\" \/><\/a><\/p>\n<p>\u00a0<\/p>\n<p>\u00a0<\/p>\n<p>\u00a0<\/p>\n<p>\u00a0<\/p>\n<p>\u00a0<\/p>\n<p>\u00a0<\/p>\n<p>\u00a0<\/p>\n<p>TX LU0D-Jorge,\u00a0Fot\u00f3grafo\u00a0LU0E-Carlos<\/p>\n<p><strong>Qsl especial\u00a0D\u00eda\u00a0del Scout desde el G. Scout\u00a0Sant\u00edsima\u00a0Trinidad<\/strong><\/p>\n<p style=\"text-align: center;\"><img loading=\"lazy\" title=\"53\u00b0 Jamboree\" src=\"https:\/\/www.lu6dkt.com.ar\/galeria\/data\/media\/4\/jamboree-2010.jpg\" alt=\"QSL emitida en Jamboree 2010, TX desde el R.C. LU7DBA con integrantes del G.S. SANT\u00cdSIMA TRINIDAD de Bella Vista Bs.As.\" width=\"414\" height=\"260\" \/><\/p>\n<p>QSL emitida en Jamboree 2010, TX desde el R.C. LU7DBA con integrantes del G.S. SANT\u00cdSIMA TRINIDAD de Bella Vista Bs.As.<\/p>\n<p><!--more--><\/p>\n<div style=\"width: 658px\" class=\"wp-caption aligncenter\"><img loading=\"lazy\" title=\"QSL ESPECIAL DIA DEL SCOUT 2008\" src=\"https:\/\/www.lu6dkt.com.ar\/galeria\/data\/media\/4\/QSL-ESP2008-dia-del-scout.jpg\" alt=\"\" width=\"648\" height=\"313\" \/><p class=\"wp-caption-text\">QSL ESPECIAL DIA DEL SCOUT 2008<\/p><\/div>\n<h3>\u00a0<\/h3>\n<h3>\u00a0<\/h3>\n<h2>QSL Jamboree desde el G. Scout San Miguel Arcangel<\/h2>\n<p><a href=\"https:\/\/www.lu6dkt.com.ar\/wp-content\/uploads\/2011\/05\/FOTOS-JAMBOREE-G.S.-San-miguel-Arcangel.zip\">FOTOS JAMBOREE G.S. San miguel Arcange<\/a><\/p>\n<p>\u00a0<\/p>\n<h3>Transmicion desde el grupo Scout Gral. G.Araos de Lamadrid, en el\u00bb Dia de la Bandera Argentina\u00bb.<\/h3>\n<p>Imagen tomada por LU2DRS en su QTH el mismo 20-6-2011<\/p>\n<div id=\"attachment_941\" style=\"width: 310px\" class=\"wp-caption aligncenter\"><a href=\"https:\/\/www.lu6dkt.com.ar\/wp-content\/uploads\/2011\/05\/imagen-tomada-en-qth-de-lu2drs.jpg\"><img aria-describedby=\"caption-attachment-941\" loading=\"lazy\" class=\"size-medium wp-image-941\" title=\"Imagen tomada en qth de lu2drs, de la TX en vivo\" src=\"https:\/\/www.lu6dkt.com.ar\/wp-content\/uploads\/2011\/05\/imagen-tomada-en-qth-de-lu2drs-300x290.jpg\" alt=\"\" width=\"300\" height=\"290\" srcset=\"https:\/\/www.lu6dkt.com.ar\/wp-content\/uploads\/2011\/05\/imagen-tomada-en-qth-de-lu2drs-300x290.jpg 300w, https:\/\/www.lu6dkt.com.ar\/wp-content\/uploads\/2011\/05\/imagen-tomada-en-qth-de-lu2drs.jpg 720w\" sizes=\"(max-width: 300px) 100vw, 300px\" \/><\/a><p id=\"caption-attachment-941\" class=\"wp-caption-text\">TX en el D\u00eda de la Bandera Argentina. 1\u00b0 Transmisi\u00f3n en ATV (TV en vivo), desde el G. Scout Gral Lamadrid , tambi\u00e9n se transmiti\u00f3 en fonia y modos digitales.<\/p><\/div>\n<p>\u00a0<\/p>\n<h3 style=\"text-align: center;\">QSL Especial 40\u00b0 Aniversario del G. Scout Gral. La Madrid<\/h3>\n<h3 style=\"text-align: center;\"><a href=\"https:\/\/www.lu6dkt.com.ar\/wp-content\/uploads\/2011\/05\/qsl-40-lm.jpg\"><img loading=\"lazy\" class=\"size-medium wp-image-1103 aligncenter\" title=\"QSL 40\u00b0 Aniversario G.S. Gral G A. Lamadrid\" src=\"https:\/\/www.lu6dkt.com.ar\/wp-content\/uploads\/2011\/05\/qsl-40-lm-237x300.jpg\" alt=\"QSL 40\u00b0 Aniversario \" width=\"237\" height=\"300\" srcset=\"https:\/\/www.lu6dkt.com.ar\/wp-content\/uploads\/2011\/05\/qsl-40-lm-237x300.jpg 237w, https:\/\/www.lu6dkt.com.ar\/wp-content\/uploads\/2011\/05\/qsl-40-lm.jpg 809w\" sizes=\"(max-width: 237px) 100vw, 237px\" \/><\/a><\/h3>\n\n\n<figure class=\"wp-block-embed-youtube wp-block-embed is-type-video is-provider-youtube wp-embed-aspect-16-9 wp-has-aspect-ratio\"><div class=\"wp-block-embed__wrapper\">\n<iframe loading=\"lazy\" width=\"640\" height=\"360\" src=\"https:\/\/www.youtube.com\/embed\/Vj-rix_IJzQ?feature=oembed\" frameborder=\"0\" allow=\"accelerometer; autoplay; encrypted-media; gyroscope; picture-in-picture\" allowfullscreen><\/iframe>\n<\/div><figcaption><strong>TX desde el G. Scout Gral. Sarmiento. (actividad de campo Operadores: Lu8EAD Carlos y LU6DKT Jorge.<\/strong><\/figcaption><\/figure>\n","protected":false},"excerpt":{"rendered":"<p>Tx desde el Grupo Scout Gral. A. De Lamadrid en el Dia del Scout y el Jota Joti 2018. TX desde Campamento Scout, Distrito: 7, Zona: 10. D\u00eda del SCOUT.\u00a0\u00a0(3\/9\/2016) \u00a0 TX desde Necochea, QSL \u00bb Campamento Scout Nacional: CANAPA y AULLIDOS\u00bb. enero 2016 \u00a0 TX QSL \u00ab80\u00b0 Aniversario G. Scout Pte. Sarmiento\u00bb . 9\/7\/2015 [&hellip;]<\/p>\n","protected":false},"author":2,"featured_media":0,"parent":220,"menu_order":2,"comment_status":"closed","ping_status":"open","template":"","meta":[],"_links":{"self":[{"href":"https:\/\/www.lu6dkt.com.ar\/index.php?rest_route=\/wp\/v2\/pages\/381"}],"collection":[{"href":"https:\/\/www.lu6dkt.com.ar\/index.php?rest_route=\/wp\/v2\/pages"}],"about":[{"href":"https:\/\/www.lu6dkt.com.ar\/index.php?rest_route=\/wp\/v2\/types\/page"}],"author":[{"embeddable":true,"href":"https:\/\/www.lu6dkt.com.ar\/index.php?rest_route=\/wp\/v2\/users\/2"}],"replies":[{"embeddable":true,"href":"https:\/\/www.lu6dkt.com.ar\/index.php?rest_route=%2Fwp%2Fv2%2Fcomments&post=381"}],"version-history":[{"count":67,"href":"https:\/\/www.lu6dkt.com.ar\/index.php?rest_route=\/wp\/v2\/pages\/381\/revisions"}],"predecessor-version":[{"id":4508,"href":"https:\/\/www.lu6dkt.com.ar\/index.php?rest_route=\/wp\/v2\/pages\/381\/revisions\/4508"}],"up":[{"embeddable":true,"href":"https:\/\/www.lu6dkt.com.ar\/index.php?rest_route=\/wp\/v2\/pages\/220"}],"wp:attachment":[{"href":"https:\/\/www.lu6dkt.com.ar\/index.php?rest_route=%2Fwp%2Fv2%2Fmedia&parent=381"}],"curies":[{"name":"wp","href":"https:\/\/api.w.org\/{rel}","templated":true}]}}