{"id":429,"date":"2011-05-22T02:48:44","date_gmt":"2011-05-22T05:48:44","guid":{"rendered":"http:\/\/lu6dkt.com.ar\/?page_id=429"},"modified":"2022-04-29T20:39:01","modified_gmt":"2022-04-29T23:39:01","slug":"sara","status":"publish","type":"page","link":"https:\/\/www.lu6dkt.com.ar\/?page_id=429","title":{"rendered":"SARA"},"content":{"rendered":"<h2>\u201cQSL ESPECIAL EN HOMENAJE AL PERSONAL DE COMUNICACIONES NAVALES QUE OFRENDARON SU VIDA EN EL CONFLICTO DE MALVINAS\u201d<\/h2>\n<p>El SERVICIO AUXILIAR DE RADIOAFICIONADOS DE LA ARMADA (SARA) invita a los colegas Radioaficionados, Radioescuchas e Instituciones habilitadas a participar del presente evento, en la fecha y bandas que a continuaci\u00f3n se detallan:<br \/>\n<strong>FECHA: 2 de mayo de 2022. HORARIO: 1200 a 0000 Local Argentina BANDAS: Todas. MODOS: Todos.<\/strong><br \/>\n<strong>FECHA TOPE RX: 8 de Mayo de 2022.<\/strong><br \/>\nNo se realiza intercambio de horario, procure tener un reloj a la vista para no perder<br \/>\ntiempo en el intercambio de QTR.<br \/>\nSolo debe intercambiar se\u00f1al Distintiva y RST recuerde que la importancia de trabajar sus LOGS en hora UTC (universal time coordinated.)<br \/>\nSe deber\u00e1 contactar con las estaciones LU2CN y\/o LO60CN (S.A.R.A.) la cual ser\u00e1 operada por diferentes operadores autorizados para tal fin.<br \/>\nPara obtener la QSL Especial se deber\u00e1 llenar los datos requeridos en el siguiente link: <a href=\"_wp_link_placeholder\" data-wplink-edit=\"true\"><strong>https:\/\/docs.google.com\/forms\/d\/e\/1FAIpQLScsz4b9YLULZq-RZKIEpUAQPChc6aZPY5dLo6n_Y4NLu3TYpg\/viewform<\/strong><\/a><br \/>\nSolo se responder\u00e1 al mail que se haya informado. No se aceptar\u00e1n QSL enviadas por otra plataforma que la indicada El SARA, solo responder\u00e1 la QSL en forma digital. Las dudas o consultas podr\u00e1n enviarlas al mail: \u201carasaraeventos@gmail.com\u201d<\/p>\n<p>Servicio Auxiliar de Radioaficionados de la Armada<br \/>\nAv. Comodoro Py 2055 Piso 15 (1105)<br \/>\nCiudad Aut\u00f3noma de Buenos Aires (Argentina)<br \/>\nhttps:\/\/www.argentinagob.ar\/armada<\/p>\n<h2><\/h2>\n<h2>\u00abHomenaje a la Tripulaci\u00f3n ARA Gral. Belgrano\u00bb (2-5-2015).<\/h2>\n<p><strong>Operando LU3ARA\/D.<\/strong><\/p>\n<p><a href=\"https:\/\/www.lu6dkt.com.ar\/wp-content\/uploads\/2011\/05\/2015-05-02-LOS-TRES.jpg\"><img loading=\"lazy\" class=\"aligncenter size-medium wp-image-3801\" src=\"https:\/\/www.lu6dkt.com.ar\/wp-content\/uploads\/2011\/05\/2015-05-02-LOS-TRES-300x168.jpg\" alt=\"2015-05-02 LOS TRES\" width=\"300\" height=\"168\" srcset=\"https:\/\/www.lu6dkt.com.ar\/wp-content\/uploads\/2011\/05\/2015-05-02-LOS-TRES-300x168.jpg 300w, https:\/\/www.lu6dkt.com.ar\/wp-content\/uploads\/2011\/05\/2015-05-02-LOS-TRES-1024x575.jpg 1024w\" sizes=\"(max-width: 300px) 100vw, 300px\" \/><\/a> <a href=\"https:\/\/www.lu6dkt.com.ar\/wp-content\/uploads\/2011\/05\/2015-05-02_18-13-48_134.jpg\"><img loading=\"lazy\" class=\"aligncenter size-medium wp-image-3802\" src=\"https:\/\/www.lu6dkt.com.ar\/wp-content\/uploads\/2011\/05\/2015-05-02_18-13-48_134-300x168.jpg\" alt=\"2015-05-02_18-13-48_134\" width=\"300\" height=\"168\" srcset=\"https:\/\/www.lu6dkt.com.ar\/wp-content\/uploads\/2011\/05\/2015-05-02_18-13-48_134-300x168.jpg 300w, https:\/\/www.lu6dkt.com.ar\/wp-content\/uploads\/2011\/05\/2015-05-02_18-13-48_134-1024x575.jpg 1024w\" sizes=\"(max-width: 300px) 100vw, 300px\" \/><\/a> <a href=\"https:\/\/www.lu6dkt.com.ar\/wp-content\/uploads\/2011\/05\/2015-05-02_20-09-01_965.jpg\"><img loading=\"lazy\" class=\"aligncenter size-medium wp-image-3804\" src=\"https:\/\/www.lu6dkt.com.ar\/wp-content\/uploads\/2011\/05\/2015-05-02_20-09-01_965-168x300.jpg\" alt=\"2015-05-02_20-09-01_965\" width=\"168\" height=\"300\" srcset=\"https:\/\/www.lu6dkt.com.ar\/wp-content\/uploads\/2011\/05\/2015-05-02_20-09-01_965-168x300.jpg 168w, https:\/\/www.lu6dkt.com.ar\/wp-content\/uploads\/2011\/05\/2015-05-02_20-09-01_965-575x1024.jpg 575w, https:\/\/www.lu6dkt.com.ar\/wp-content\/uploads\/2011\/05\/2015-05-02_20-09-01_965.jpg 1456w\" sizes=\"(max-width: 168px) 100vw, 168px\" \/><\/a> <a href=\"https:\/\/www.lu6dkt.com.ar\/wp-content\/uploads\/2011\/05\/2015-05-02_ANTENA-EN-PEDESTAL.jpg\"><img loading=\"lazy\" class=\"aligncenter size-medium wp-image-3808\" src=\"https:\/\/www.lu6dkt.com.ar\/wp-content\/uploads\/2011\/05\/2015-05-02_ANTENA-EN-PEDESTAL-300x168.jpg\" alt=\"2015-05-02_ANTENA EN PEDESTAL\" width=\"300\" height=\"168\" srcset=\"https:\/\/www.lu6dkt.com.ar\/wp-content\/uploads\/2011\/05\/2015-05-02_ANTENA-EN-PEDESTAL-300x168.jpg 300w, https:\/\/www.lu6dkt.com.ar\/wp-content\/uploads\/2011\/05\/2015-05-02_ANTENA-EN-PEDESTAL-1024x575.jpg 1024w\" sizes=\"(max-width: 300px) 100vw, 300px\" \/><\/a> <a href=\"https:\/\/www.lu6dkt.com.ar\/wp-content\/uploads\/2011\/05\/2015-05-02_M-NT-LOS-TRES.jpg\"><img loading=\"lazy\" class=\"aligncenter size-medium wp-image-3809\" src=\"https:\/\/www.lu6dkt.com.ar\/wp-content\/uploads\/2011\/05\/2015-05-02_M-NT-LOS-TRES-300x168.jpg\" alt=\"2015-05-02_M NT LOS TRES\" width=\"300\" height=\"168\" srcset=\"https:\/\/www.lu6dkt.com.ar\/wp-content\/uploads\/2011\/05\/2015-05-02_M-NT-LOS-TRES-300x168.jpg 300w, https:\/\/www.lu6dkt.com.ar\/wp-content\/uploads\/2011\/05\/2015-05-02_M-NT-LOS-TRES-1024x575.jpg 1024w\" sizes=\"(max-width: 300px) 100vw, 300px\" \/><\/a> <a href=\"https:\/\/www.lu6dkt.com.ar\/wp-content\/uploads\/2011\/05\/2015-05-02_MAQUETA-BELGRANO-ESTRIBOR.jpg\"><img loading=\"lazy\" class=\"aligncenter size-medium wp-image-3810\" src=\"https:\/\/www.lu6dkt.com.ar\/wp-content\/uploads\/2011\/05\/2015-05-02_MAQUETA-BELGRANO-ESTRIBOR-300x168.jpg\" alt=\"2015-05-02_MAQUETA BELGRANO ESTRIBOR\" width=\"300\" height=\"168\" srcset=\"https:\/\/www.lu6dkt.com.ar\/wp-content\/uploads\/2011\/05\/2015-05-02_MAQUETA-BELGRANO-ESTRIBOR-300x168.jpg 300w, https:\/\/www.lu6dkt.com.ar\/wp-content\/uploads\/2011\/05\/2015-05-02_MAQUETA-BELGRANO-ESTRIBOR-1024x575.jpg 1024w\" sizes=\"(max-width: 300px) 100vw, 300px\" \/><\/a> <a href=\"https:\/\/www.lu6dkt.com.ar\/wp-content\/uploads\/2011\/05\/2015-05-02_NOCTURNA-PARQUE.jpg\"><img loading=\"lazy\" class=\"aligncenter size-medium wp-image-3811\" src=\"https:\/\/www.lu6dkt.com.ar\/wp-content\/uploads\/2011\/05\/2015-05-02_NOCTURNA-PARQUE-300x168.jpg\" alt=\"2015-05-02_NOCTURNA PARQUE\" width=\"300\" height=\"168\" srcset=\"https:\/\/www.lu6dkt.com.ar\/wp-content\/uploads\/2011\/05\/2015-05-02_NOCTURNA-PARQUE-300x168.jpg 300w, https:\/\/www.lu6dkt.com.ar\/wp-content\/uploads\/2011\/05\/2015-05-02_NOCTURNA-PARQUE-1024x575.jpg 1024w\" sizes=\"(max-width: 300px) 100vw, 300px\" \/><\/a> <a href=\"https:\/\/www.lu6dkt.com.ar\/wp-content\/uploads\/2011\/05\/2015-05-02BELGRANO-1.jpg\"><img loading=\"lazy\" class=\"aligncenter size-medium wp-image-3815\" src=\"https:\/\/www.lu6dkt.com.ar\/wp-content\/uploads\/2011\/05\/2015-05-02BELGRANO-1-168x300.jpg\" alt=\"2015-05-02BELGRANO 1\" width=\"168\" height=\"300\" srcset=\"https:\/\/www.lu6dkt.com.ar\/wp-content\/uploads\/2011\/05\/2015-05-02BELGRANO-1-168x300.jpg 168w, https:\/\/www.lu6dkt.com.ar\/wp-content\/uploads\/2011\/05\/2015-05-02BELGRANO-1-575x1024.jpg 575w, https:\/\/www.lu6dkt.com.ar\/wp-content\/uploads\/2011\/05\/2015-05-02BELGRANO-1.jpg 1456w\" sizes=\"(max-width: 168px) 100vw, 168px\" \/><\/a> <a href=\"https:\/\/www.lu6dkt.com.ar\/wp-content\/uploads\/2011\/05\/2015-05-02BELGRANO2.jpg\"><img loading=\"lazy\" class=\"aligncenter size-medium wp-image-3816\" src=\"https:\/\/www.lu6dkt.com.ar\/wp-content\/uploads\/2011\/05\/2015-05-02BELGRANO2-300x168.jpg\" alt=\"2015-05-02BELGRANO2\" width=\"300\" height=\"168\" srcset=\"https:\/\/www.lu6dkt.com.ar\/wp-content\/uploads\/2011\/05\/2015-05-02BELGRANO2-300x168.jpg 300w, https:\/\/www.lu6dkt.com.ar\/wp-content\/uploads\/2011\/05\/2015-05-02BELGRANO2-1024x575.jpg 1024w\" sizes=\"(max-width: 300px) 100vw, 300px\" \/><\/a> <a href=\"https:\/\/www.lu6dkt.com.ar\/wp-content\/uploads\/2011\/05\/2015-05-02CON-MARIO.jpg\"><img loading=\"lazy\" class=\"aligncenter size-medium wp-image-3818\" src=\"https:\/\/www.lu6dkt.com.ar\/wp-content\/uploads\/2011\/05\/2015-05-02CON-MARIO-300x168.jpg\" alt=\"2015-05-02CON MARIO\" width=\"300\" height=\"168\" srcset=\"https:\/\/www.lu6dkt.com.ar\/wp-content\/uploads\/2011\/05\/2015-05-02CON-MARIO-300x168.jpg 300w, https:\/\/www.lu6dkt.com.ar\/wp-content\/uploads\/2011\/05\/2015-05-02CON-MARIO-1024x575.jpg 1024w\" sizes=\"(max-width: 300px) 100vw, 300px\" \/><\/a> <a href=\"https:\/\/www.lu6dkt.com.ar\/wp-content\/uploads\/2011\/05\/2015-05-02VISTA-AL-RIO-Y-EQUIPO.jpg\"><img loading=\"lazy\" class=\"aligncenter size-medium wp-image-3819\" src=\"https:\/\/www.lu6dkt.com.ar\/wp-content\/uploads\/2011\/05\/2015-05-02VISTA-AL-RIO-Y-EQUIPO-300x168.jpg\" alt=\"2015-05-02VISTA AL RIO Y EQUIPO\" width=\"300\" height=\"168\" srcset=\"https:\/\/www.lu6dkt.com.ar\/wp-content\/uploads\/2011\/05\/2015-05-02VISTA-AL-RIO-Y-EQUIPO-300x168.jpg 300w, https:\/\/www.lu6dkt.com.ar\/wp-content\/uploads\/2011\/05\/2015-05-02VISTA-AL-RIO-Y-EQUIPO-1024x575.jpg 1024w\" sizes=\"(max-width: 300px) 100vw, 300px\" \/><\/a> <a href=\"https:\/\/www.lu6dkt.com.ar\/wp-content\/uploads\/2011\/05\/2015-05-02YO-AVIACION-NAV.jpg\"><img loading=\"lazy\" class=\"aligncenter size-medium wp-image-3821\" src=\"https:\/\/www.lu6dkt.com.ar\/wp-content\/uploads\/2011\/05\/2015-05-02YO-AVIACION-NAV-300x168.jpg\" alt=\"2015-05-02YO AVIACION NAV\" width=\"300\" height=\"168\" srcset=\"https:\/\/www.lu6dkt.com.ar\/wp-content\/uploads\/2011\/05\/2015-05-02YO-AVIACION-NAV-300x168.jpg 300w, https:\/\/www.lu6dkt.com.ar\/wp-content\/uploads\/2011\/05\/2015-05-02YO-AVIACION-NAV-1024x575.jpg 1024w\" sizes=\"(max-width: 300px) 100vw, 300px\" \/><\/a> <a href=\"https:\/\/www.lu6dkt.com.ar\/wp-content\/uploads\/2011\/05\/2015-05-02YO-C-CARLOS.jpg\"><img loading=\"lazy\" class=\"aligncenter size-medium wp-image-3822\" src=\"https:\/\/www.lu6dkt.com.ar\/wp-content\/uploads\/2011\/05\/2015-05-02YO-C-CARLOS-300x168.jpg\" alt=\"2015-05-02YO C CARLOS\" width=\"300\" height=\"168\" srcset=\"https:\/\/www.lu6dkt.com.ar\/wp-content\/uploads\/2011\/05\/2015-05-02YO-C-CARLOS-300x168.jpg 300w, https:\/\/www.lu6dkt.com.ar\/wp-content\/uploads\/2011\/05\/2015-05-02YO-C-CARLOS-1024x575.jpg 1024w\" sizes=\"(max-width: 300px) 100vw, 300px\" \/><\/a><\/p>\n<h2>Recepci\u00f3n de Distinci\u00f3n por la transmisi\u00f3n realizada en \u00abHomenaje al regreso de la Fragata ARA LIBERTAD\u00bb .TX realizado desde velero JACKER, convocatoria de la Liga Naval Argentina(enero 2013).<\/h2>\n<p><a href=\"https:\/\/www.lu6dkt.com.ar\/wp-content\/uploads\/2011\/12\/CERT-LNA-x-SARA.jpg\"><img loading=\"lazy\" class=\"aligncenter size-medium wp-image-2909\" src=\"https:\/\/www.lu6dkt.com.ar\/wp-content\/uploads\/2011\/12\/CERT-LNA-x-SARA-300x205.jpg\" alt=\"CERT LNA x SARA\" width=\"300\" height=\"205\" srcset=\"https:\/\/www.lu6dkt.com.ar\/wp-content\/uploads\/2011\/12\/CERT-LNA-x-SARA-300x205.jpg 300w, https:\/\/www.lu6dkt.com.ar\/wp-content\/uploads\/2011\/12\/CERT-LNA-x-SARA-1024x699.jpg 1024w\" sizes=\"(max-width: 300px) 100vw, 300px\" \/><\/a><\/p>\n<p><img loading=\"lazy\" class=\" \" title=\"Distinci\u00f3n en ARA Pte. Sarmiento\" src=\"https:\/\/fbcdn-sphotos-d-a.akamaihd.net\/hphotos-ak-frc3\/1463772_642088035842699_1254162503_n.jpg\" alt=\"Distinci\u00f3n en ARA Pte. Sarmiento\" width=\"672\" height=\"377\" \/><\/p>\n<p>Distinci\u00f3n en ARA Pte. Sarmiento<\/p>\n<h2><img loading=\"lazy\" src=\"https:\/\/fbcdn-sphotos-c-a.akamaihd.net\/hphotos-ak-prn1\/60617_642090825842420_1141204359_n.jpg\" alt=\"\" width=\"672\" height=\"377\" \/><img loading=\"lazy\" title=\"Carlitos en el Palo Mayor de la Fragata Sarmiento\" src=\"https:\/\/fbcdn-sphotos-h-a.akamaihd.net\/hphotos-ak-prn2\/1394022_642089359175900_956608801_n.jpg\" alt=\"Carlitos en el Palo Mayor de la Fragata Sarmiento\" width=\"302\" height=\"538\" \/><img loading=\"lazy\" title=\"Carlitos al Mando de ARA Pte.Sarmiento\" src=\"https:\/\/fbcdn-sphotos-e-a.akamaihd.net\/hphotos-ak-ash3\/936733_642089142509255_1208137530_n.jpg\" alt=\"Carlitos al Mando de ARA Pte.Sarmiento\" width=\"264\" height=\"470\" \/><\/h2>\n<h2>TX \u00a0para el \u00abD\u00eda\u00a0de la ARA\u00bb, desde el Edificio Libertad (17-5-2013).<\/h2>\n<div id=\"attachment_2688\" style=\"width: 310px\" class=\"wp-caption aligncenter\"><a href=\"https:\/\/www.lu6dkt.com.ar\/wp-content\/uploads\/2011\/05\/SANY0032.jpg\"><img aria-describedby=\"caption-attachment-2688\" loading=\"lazy\" class=\"size-medium wp-image-2688\" src=\"https:\/\/www.lu6dkt.com.ar\/wp-content\/uploads\/2011\/05\/SANY0032-300x225.jpg\" alt=\"Tx QSL &quot; D\u00eda de la ARMADA&quot;\" width=\"300\" height=\"225\" srcset=\"https:\/\/www.lu6dkt.com.ar\/wp-content\/uploads\/2011\/05\/SANY0032-300x225.jpg 300w, https:\/\/www.lu6dkt.com.ar\/wp-content\/uploads\/2011\/05\/SANY0032-1024x768.jpg 1024w\" sizes=\"(max-width: 300px) 100vw, 300px\" \/><\/a><p id=\"caption-attachment-2688\" class=\"wp-caption-text\">Tx QSL \u00bb D\u00eda de la ARMADA\u00bb<\/p><\/div>\n<div id=\"attachment_2687\" style=\"width: 310px\" class=\"wp-caption aligncenter\"><a href=\"https:\/\/www.lu6dkt.com.ar\/wp-content\/uploads\/2011\/05\/SANY00311.jpg\"><img aria-describedby=\"caption-attachment-2687\" loading=\"lazy\" class=\"size-medium wp-image-2687\" src=\"https:\/\/www.lu6dkt.com.ar\/wp-content\/uploads\/2011\/05\/SANY00311-300x225.jpg\" alt=\"Tx QSL &quot; D\u00eda de la ARMADA&quot;\" width=\"300\" height=\"225\" srcset=\"https:\/\/www.lu6dkt.com.ar\/wp-content\/uploads\/2011\/05\/SANY00311-300x225.jpg 300w, https:\/\/www.lu6dkt.com.ar\/wp-content\/uploads\/2011\/05\/SANY00311-1024x768.jpg 1024w\" sizes=\"(max-width: 300px) 100vw, 300px\" \/><\/a><p id=\"caption-attachment-2687\" class=\"wp-caption-text\">Tx QSL \u00bb D\u00eda de la ARMADA\u00bb<\/p><\/div>\n<h2><\/h2>\n<h2>TX DESDE \u00a0LA ESC. NAC. NAUTICA EN EL 212\u00b0<\/h2>\n<p><a href=\"https:\/\/www.lu6dkt.com.ar\/wp-content\/uploads\/2011\/05\/cadete-y-yo.jpg\"><img loading=\"lazy\" class=\"size-medium wp-image-3062 alignleft\" src=\"https:\/\/www.lu6dkt.com.ar\/wp-content\/uploads\/2011\/05\/cadete-y-yo-300x224.jpg\" alt=\"OLYMPUS DIGITAL CAMERA\" width=\"300\" height=\"224\" srcset=\"https:\/\/www.lu6dkt.com.ar\/wp-content\/uploads\/2011\/05\/cadete-y-yo-300x224.jpg 300w, https:\/\/www.lu6dkt.com.ar\/wp-content\/uploads\/2011\/05\/cadete-y-yo-1024x768.jpg 1024w\" sizes=\"(max-width: 300px) 100vw, 300px\" \/><\/a> <a href=\"https:\/\/www.lu6dkt.com.ar\/wp-content\/uploads\/2011\/05\/tx-y-amigos.jpg\"><img loading=\"lazy\" class=\"size-medium wp-image-3063 alignleft\" src=\"https:\/\/www.lu6dkt.com.ar\/wp-content\/uploads\/2011\/05\/tx-y-amigos-300x224.jpg\" alt=\"OLYMPUS DIGITAL CAMERA\" width=\"300\" height=\"224\" srcset=\"https:\/\/www.lu6dkt.com.ar\/wp-content\/uploads\/2011\/05\/tx-y-amigos-300x224.jpg 300w, https:\/\/www.lu6dkt.com.ar\/wp-content\/uploads\/2011\/05\/tx-y-amigos-1024x768.jpg 1024w\" sizes=\"(max-width: 300px) 100vw, 300px\" \/><\/a> <a href=\"https:\/\/www.lu6dkt.com.ar\/wp-content\/uploads\/2011\/05\/tx-y-amigo.jpg\"><img loading=\"lazy\" class=\"size-medium wp-image-3064 aligncenter\" src=\"https:\/\/www.lu6dkt.com.ar\/wp-content\/uploads\/2011\/05\/tx-y-amigo-300x224.jpg\" alt=\"OLYMPUS DIGITAL CAMERA\" width=\"300\" height=\"224\" srcset=\"https:\/\/www.lu6dkt.com.ar\/wp-content\/uploads\/2011\/05\/tx-y-amigo-300x224.jpg 300w, https:\/\/www.lu6dkt.com.ar\/wp-content\/uploads\/2011\/05\/tx-y-amigo-1024x768.jpg 1024w\" sizes=\"(max-width: 300px) 100vw, 300px\" \/><\/a><\/p>\n<h2><img loading=\"lazy\" class=\"alignleft\" src=\"https:\/\/www.lu6dkt.com.ar\/wp-content\/uploads\/2011\/05\/DSC04080-300x225.jpg\" alt=\"\" width=\"300\" height=\"225\" \/><\/h2>\n<p><span style=\"text-decoration: underline;\"><a href=\"https:\/\/www.lu6dkt.com.ar\/wp-content\/uploads\/2011\/05\/MODELO-QSL-17-MAYO-2011.doc\">MODELO QSL 17 MAYO 2011<\/a><\/span><\/p>\n<p>Transmitimos desde el\u00a0Estado Mayor Gral. de La Armada (E.M.G.ARA) para el certificado \u00abD\u00eda\u00a0de La ARMADA\u00bb.<\/p>\n<p>Los\u00a0d\u00edas:\u00a0 14,15, y 17-5-11<\/p>\n<p>TX en fonia y digitales.<\/p>\n<p>Equipos:<\/p>\n<p>IC 7000,\u00a0IC 77, FT 747GX, \u00a0laptop P4<\/p>\n<p>Operadores: LU1BCP- Alejandro, LU6DKT-Jorge,\u00a0LU1DT- Mario.<\/p>\n<p><a href=\"https:\/\/www.lu6dkt.com.ar\/wp-content\/uploads\/2011\/05\/emga-17.jpg\"><img loading=\"lazy\" class=\"size-medium wp-image-372 alignright\" title=\"TX DESDE &quot;EMGA&quot; 17-5-2011\" src=\"https:\/\/www.lu6dkt.com.ar\/wp-content\/uploads\/2011\/05\/emga-17-300x225.jpg\" alt=\"Fondo: lu1bcp-Alejandro,Enc. SARA, lu6dkt-jorge, lw5Alberto, lu9etu-Manuel.Fotografo lu1dt-Miguel.\" width=\"300\" height=\"225\" srcset=\"https:\/\/www.lu6dkt.com.ar\/wp-content\/uploads\/2011\/05\/emga-17-300x225.jpg 300w, https:\/\/www.lu6dkt.com.ar\/wp-content\/uploads\/2011\/05\/emga-17-1024x768.jpg 1024w\" sizes=\"(max-width: 300px) 100vw, 300px\" \/><\/a><\/p>\n<p>Tx\u00a0el mismo <strong>\u00abDia de la ARMADA\u00bb<\/strong> 17-05-2<\/p>\n<h5>Operadores:\u00a0<span style=\"font-weight: normal;\">De\u00a0atr\u00e1s\u00a0hacia adelante: \u00a0LU1BCP-Alejandro, \u00a0Enc. SARA, LU6DKT-Jorge,\u00a0LW5DKI-Alberto, y LU9ETU-Manuel.\u00a0Fot\u00f3grafo: LU1DT-Mario.<\/span><\/h5>\n<p><strong><em><span style=\"text-decoration: underline;\">\u00a0<\/span><\/em><\/strong><\/p>\n<h3>Rack utilizado en Tx desde Base Aeronaval Ezeiza en el Dia de la ARMADA (17-5-2012)<\/h3>\n<p><a href=\"https:\/\/www.lu6dkt.com.ar\/wp-content\/uploads\/2011\/05\/RAC-EN-EZE.jpg\"><img loading=\"lazy\" class=\"aligncenter size-medium wp-image-1977\" title=\"RACK utilizado en EZEIZA para el Dia de la ARMADA 2012\" src=\"https:\/\/www.lu6dkt.com.ar\/wp-content\/uploads\/2011\/05\/RAC-EN-EZE-300x168.jpg\" alt=\"RACK utilizado en EZEIZA para el Dia de la ARMADA 2012\" width=\"300\" height=\"168\" srcset=\"https:\/\/www.lu6dkt.com.ar\/wp-content\/uploads\/2011\/05\/RAC-EN-EZE-300x168.jpg 300w, https:\/\/www.lu6dkt.com.ar\/wp-content\/uploads\/2011\/05\/RAC-EN-EZE.jpg 324w\" sizes=\"(max-width: 300px) 100vw, 300px\" \/><\/a><\/p>\n<p><strong><em><span style=\"text-decoration: underline;\">TX en el 50\u00ba Aniversario del SARA, emicion de QSL conmemorativa y <\/span><span style=\"text-decoration: underline;\">almuerzo de\u00a0camarader\u00eda.<\/span><\/em><\/strong><\/p>\n<p><a href=\"https:\/\/www.lu6dkt.com.ar\/wp-content\/uploads\/2011\/05\/2011-09-24_12-56-53_758-1.jpg\"><img loading=\"lazy\" class=\"size-medium wp-image-1475\" title=\"LU2CN BY LU6DKT EST DE CAMPA\u00d1A. APOSTADERO NAVAL Bs.As.2011-09-24\" src=\"https:\/\/www.lu6dkt.com.ar\/wp-content\/uploads\/2011\/05\/2011-09-24_12-56-53_758-1-300x168.jpg\" alt=\"LU2CN BY LU6DKT EST DE CAMPA\u00d1A. APOSTADERO NAVAL\" width=\"300\" height=\"168\" srcset=\"https:\/\/www.lu6dkt.com.ar\/wp-content\/uploads\/2011\/05\/2011-09-24_12-56-53_758-1-300x168.jpg 300w, https:\/\/www.lu6dkt.com.ar\/wp-content\/uploads\/2011\/05\/2011-09-24_12-56-53_758-1-1024x575.jpg 1024w\" sizes=\"(max-width: 300px) 100vw, 300px\" \/><\/a><\/p>\n<p><span style=\"text-decoration: underline;\">\u00a0<\/span><\/p>\n<p><a href=\"https:\/\/www.lu6dkt.com.ar\/wp-content\/uploads\/2011\/05\/plana-mayor-dotacion-e-integrantes-50-aniv.jpg\"><img loading=\"lazy\" class=\"size-medium wp-image-1467\" title=\"Plana mayor, dotacion e integrantes del SARA 50 Aniv.\" src=\"https:\/\/www.lu6dkt.com.ar\/wp-content\/uploads\/2011\/05\/plana-mayor-dotacion-e-integrantes-50-aniv-300x168.jpg\" alt=\"Plana mayor, dotacion e integrantes 50 Aniv. SARA\" width=\"300\" height=\"168\" srcset=\"https:\/\/www.lu6dkt.com.ar\/wp-content\/uploads\/2011\/05\/plana-mayor-dotacion-e-integrantes-50-aniv-300x168.jpg 300w, https:\/\/www.lu6dkt.com.ar\/wp-content\/uploads\/2011\/05\/plana-mayor-dotacion-e-integrantes-50-aniv-1024x575.jpg 1024w\" sizes=\"(max-width: 300px) 100vw, 300px\" \/><\/a><\/p>\n<p><span style=\"text-decoration: underline;\">\u00a0<\/span><\/p>\n<p><span style=\"text-decoration: underline;\"><a href=\"https:\/\/www.lu6dkt.com.ar\/wp-content\/uploads\/2011\/05\/2011-09-24_18-17-07_539.jpg\"><img loading=\"lazy\" class=\"size-medium wp-image-1461 alignleft\" title=\"TX EN EL 50 Aniversario del SARA 2011-09-24\" src=\"https:\/\/www.lu6dkt.com.ar\/wp-content\/uploads\/2011\/05\/2011-09-24_18-17-07_539-300x168.jpg\" alt=\"\" width=\"300\" height=\"168\" srcset=\"https:\/\/www.lu6dkt.com.ar\/wp-content\/uploads\/2011\/05\/2011-09-24_18-17-07_539-300x168.jpg 300w, https:\/\/www.lu6dkt.com.ar\/wp-content\/uploads\/2011\/05\/2011-09-24_18-17-07_539-1024x575.jpg 1024w\" sizes=\"(max-width: 300px) 100vw, 300px\" \/><\/a><br \/>\n<\/span><\/p>\n<div id=\"attachment_411\" style=\"width: 310px\" class=\"wp-caption alignright\"><a href=\"https:\/\/www.lu6dkt.com.ar\/wp-content\/uploads\/2011\/05\/S.A.R.A.-HOMENAJE-GRAL-BELGRANO.jpg\"><img aria-describedby=\"caption-attachment-411\" loading=\"lazy\" class=\"size-medium wp-image-411 \" title=\"S.A.R.A. y G.E. Cruz del Sur, HOMENAJE GRAL- BELGRANO\" src=\"https:\/\/www.lu6dkt.com.ar\/wp-content\/uploads\/2011\/05\/S.A.R.A.-HOMENAJE-GRAL-BELGRANO-300x225.jpg\" alt=\"S.A.R.A. y G.E. Cruz del Sur, HOMENAJE GRAL- BELGRANO\" width=\"300\" height=\"225\" srcset=\"https:\/\/www.lu6dkt.com.ar\/wp-content\/uploads\/2011\/05\/S.A.R.A.-HOMENAJE-GRAL-BELGRANO-300x225.jpg 300w, https:\/\/www.lu6dkt.com.ar\/wp-content\/uploads\/2011\/05\/S.A.R.A.-HOMENAJE-GRAL-BELGRANO.jpg 720w\" sizes=\"(max-width: 300px) 100vw, 300px\" \/><\/a><p id=\"caption-attachment-411\" class=\"wp-caption-text\">S.A.R.A. y G.E. Cruz del Sur desde Cenotafio de Pilar Bs. As.<\/p><\/div>\n","protected":false},"excerpt":{"rendered":"<p>\u201cQSL ESPECIAL EN HOMENAJE AL PERSONAL DE COMUNICACIONES NAVALES QUE OFRENDARON SU VIDA EN EL CONFLICTO DE MALVINAS\u201d El SERVICIO AUXILIAR DE RADIOAFICIONADOS DE LA ARMADA (SARA) invita a los colegas Radioaficionados, Radioescuchas e Instituciones habilitadas a participar del presente evento, en la fecha y bandas que a continuaci\u00f3n se detallan: FECHA: 2 de mayo [&hellip;]<\/p>\n","protected":false},"author":2,"featured_media":0,"parent":220,"menu_order":2,"comment_status":"closed","ping_status":"open","template":"","meta":[],"_links":{"self":[{"href":"https:\/\/www.lu6dkt.com.ar\/index.php?rest_route=\/wp\/v2\/pages\/429"}],"collection":[{"href":"https:\/\/www.lu6dkt.com.ar\/index.php?rest_route=\/wp\/v2\/pages"}],"about":[{"href":"https:\/\/www.lu6dkt.com.ar\/index.php?rest_route=\/wp\/v2\/types\/page"}],"author":[{"embeddable":true,"href":"https:\/\/www.lu6dkt.com.ar\/index.php?rest_route=\/wp\/v2\/users\/2"}],"replies":[{"embeddable":true,"href":"https:\/\/www.lu6dkt.com.ar\/index.php?rest_route=%2Fwp%2Fv2%2Fcomments&post=429"}],"version-history":[{"count":55,"href":"https:\/\/www.lu6dkt.com.ar\/index.php?rest_route=\/wp\/v2\/pages\/429\/revisions"}],"predecessor-version":[{"id":4857,"href":"https:\/\/www.lu6dkt.com.ar\/index.php?rest_route=\/wp\/v2\/pages\/429\/revisions\/4857"}],"up":[{"embeddable":true,"href":"https:\/\/www.lu6dkt.com.ar\/index.php?rest_route=\/wp\/v2\/pages\/220"}],"wp:attachment":[{"href":"https:\/\/www.lu6dkt.com.ar\/index.php?rest_route=%2Fwp%2Fv2%2Fmedia&parent=429"}],"curies":[{"name":"wp","href":"https:\/\/api.w.org\/{rel}","templated":true}]}}