{"id":4891,"date":"2022-05-23T10:51:40","date_gmt":"2022-05-23T13:51:40","guid":{"rendered":"https:\/\/www.lu6dkt.com.ar\/?page_id=4891"},"modified":"2022-05-25T11:39:54","modified_gmt":"2022-05-25T14:39:54","slug":"bases-qsl-especial-33-del-museo-de-la-aviacion-naval","status":"publish","type":"page","link":"https:\/\/www.lu6dkt.com.ar\/?page_id=4891","title":{"rendered":"-CONDICIONES DE CONFIRMACIONES DE ACTIVIDADES ESPECIALES-"},"content":{"rendered":"\n<p class=\"has-text-align-center\"><strong><mark style=\"background-color:rgba(0, 0, 0, 0)\" class=\"has-inline-color has-pale-pink-color\"><u>QSL ESPECIAL<\/u>ES \/ DIPLOMAS, ETC.<\/mark><\/strong><\/p>\n\n\n\n<p><strong>No se realiza intercambio de horario, procure tener un reloj a la vista para no perder tiempo en el intercambio de QTR.<\/strong><\/p>\n\n\n\n<p><strong>Solo debe intercambiar se\u00f1al Distintiva (SD LU6DKT Y\/O SDE L40GM), RST, recuerde que la importancia de trabajar sus LOGS en hora <mark style=\"background-color:rgba(0, 0, 0, 0)\" class=\"has-inline-color has-vivid-red-color\">UTC (universal time coordinated.)<\/mark><\/strong><\/p>\n\n\n\n<p><strong>SI contacta con la SDE<mark style=\"background-color:rgba(0, 0, 0, 0)\" class=\"has-inline-color has-pale-pink-color\"> <u>L40GM<\/u><\/mark> <\/strong>OBTENDR\u00c1 V\u00cdA \u00abLDA\u00bb (LOG DE ARGENTINA) UNA <strong>QSL PERSONALIZADA<\/strong> DURANTE EL<mark style=\"background-color:rgba(0, 0, 0, 0)\" class=\"has-inline-color has-vivid-red-color\"> <strong>2022<\/strong><\/mark> (en homenaje a los 40 a\u00f1os de la Gesta de Malvinas y siendo tambi\u00e9n mis 40 a\u00f1os como VGM).<\/p>\n\n\n\n<p><strong><mark style=\"background-color:rgba(0, 0, 0, 0)\" class=\"has-inline-color has-pale-pink-color\">Para LA CONFIRMACION de la ACTIVIDAD Especial<\/mark> se deber\u00e1 ENVIAR:<\/strong><\/p>\n\n\n\n<p><strong>La <mark style=\"background-color:rgba(0, 0, 0, 0)\" class=\"has-inline-color has-pale-pink-color\">QSL<\/mark> correspondiente y los datos DEL CONTACTO DE LA ACTIVIDAD,  AL SIGUIENTE MAIL: <\/strong><a href=\"mailto:lu6dkt2018@gmail.com\"><strong>lu6dkt2018@gmail.com<\/strong><\/a><\/p>\n\n\n\n<p><strong>Los QSO igualmente ser\u00e1n confirmados en: LDA, QRZ, eQSL Y LOTW. <\/strong><strong>Pero NO con la QSL alusiva (ACTIVIDAD ESPECIAL).<\/strong><\/p>\n\n\n\n<p>TENER EN CUENTA->><b>Los que confirmen solamente v\u00eda <\/b><mark style=\"background-color: rgba(0, 0, 0, 0);\" class=\"has-inline-color has-vivid-purple-color\"><b>\u201cLDA\u201d OBTENDR\u00c1N LA QSL DE \u201cL40GM\u201d \u00a1<\/b><\/mark><strong><mark style=\"background-color:rgba(0, 0, 0, 0)\" class=\"has-inline-color has-vivid-purple-color\">\u00daNICAMENTE!<\/mark><\/strong><\/p>\n\n\n\n<p><mark style=\"background-color: rgba(0, 0, 0, 0);\" class=\"has-inline-color has-vivid-red-color\"><b>\u201c-Solo se responder\u00e1 CON LA ACTIVIDAD ESPECIAL, <\/b><\/mark><strong><mark style=\"background-color:rgba(0, 0, 0, 0)\" class=\"has-inline-color has-vivid-red-color\">V\u00cdA MAIL A LOS PARTICIPANTES QUE LA SOLICITEN-\u201c.<\/mark><\/strong><\/p>\n\n\n\n<p><strong>MANAGER DE LOS EVENTOS LU6DKT- JORGE-<\/strong><\/p>\n\n\n\n<p><\/p>\n","protected":false},"excerpt":{"rendered":"<p>QSL ESPECIALES \/ DIPLOMAS, ETC. No se realiza intercambio de horario, procure tener un reloj a la vista para no perder tiempo en el intercambio de QTR. Solo debe intercambiar se\u00f1al Distintiva (SD LU6DKT Y\/O SDE L40GM), RST, recuerde que la importancia de trabajar sus LOGS en hora UTC (universal time coordinated.) SI contacta con [&hellip;]<\/p>\n","protected":false},"author":2,"featured_media":0,"parent":0,"menu_order":0,"comment_status":"closed","ping_status":"closed","template":"","meta":[],"_links":{"self":[{"href":"https:\/\/www.lu6dkt.com.ar\/index.php?rest_route=\/wp\/v2\/pages\/4891"}],"collection":[{"href":"https:\/\/www.lu6dkt.com.ar\/index.php?rest_route=\/wp\/v2\/pages"}],"about":[{"href":"https:\/\/www.lu6dkt.com.ar\/index.php?rest_route=\/wp\/v2\/types\/page"}],"author":[{"embeddable":true,"href":"https:\/\/www.lu6dkt.com.ar\/index.php?rest_route=\/wp\/v2\/users\/2"}],"replies":[{"embeddable":true,"href":"https:\/\/www.lu6dkt.com.ar\/index.php?rest_route=%2Fwp%2Fv2%2Fcomments&post=4891"}],"version-history":[{"count":5,"href":"https:\/\/www.lu6dkt.com.ar\/index.php?rest_route=\/wp\/v2\/pages\/4891\/revisions"}],"predecessor-version":[{"id":4907,"href":"https:\/\/www.lu6dkt.com.ar\/index.php?rest_route=\/wp\/v2\/pages\/4891\/revisions\/4907"}],"wp:attachment":[{"href":"https:\/\/www.lu6dkt.com.ar\/index.php?rest_route=%2Fwp%2Fv2%2Fmedia&parent=4891"}],"curies":[{"name":"wp","href":"https:\/\/api.w.org\/{rel}","templated":true}]}}