{"id":517,"date":"2011-05-23T12:27:02","date_gmt":"2011-05-23T15:27:02","guid":{"rendered":"http:\/\/lu6dkt.com.ar\/?page_id=517"},"modified":"2012-06-25T22:19:40","modified_gmt":"2012-06-26T01:19:40","slug":"apuntes","status":"publish","type":"page","link":"https:\/\/www.lu6dkt.com.ar\/?page_id=517","title":{"rendered":"APUNTES"},"content":{"rendered":"<h2>Experimentaci\u00f3n<strong> de ATV por\u00a0Radio aficionados:<\/strong><\/h2>\n<p><strong>Televisi\u00f3n de barrido r\u00e1pido<\/strong><\/p>\n<p><!--[if gte vml 1]><v:shape  id=\"Imagen_x0020_2\" o:spid=\"_x0000_i1026\" type=\"#_x0000_t75\" alt=\"http:\/\/www.qsl.net\/xe3rlr\/imagenes-6\/amateur%20atv.GIF\"  style='width:194.25pt;height:145.5pt;visibility:visible'> <v:imagedata src=\"file:\/\/\/C:\\DOCUME~1\\Usuario\\CONFIG~1\\Temp\\msohtmlclip1\\01\\clip_image002.gif\" mce_src=\"file:\/\/\/C:\\DOCUME~1\\Usuario\\CONFIG~1\\Temp\\msohtmlclip1\\01\\clip_image002.gif\"   o:title=\"amateur%20atv\" \/> <\/v:shape><![endif]--><!--[if !vml]--><!--[endif]--><\/p>\n<p>Aunque la televisi\u00f3n\u00a0 parezca muy moderna realmente los primeros experimentos se remontan hacia el a\u00f1o de 1884 en el que PAUL NIPKOW Ide\u00f3 el c\u00e9lebre disco que lleva su nombre y en 1910 se increment\u00f3 su aplicaci\u00f3n para encaminar las pruebas hacia horizontes bien definidos lleg\u00e1ndose a establecer sistemas de televisi\u00f3n en color y relieve totalmente mec\u00e1nicos.<\/p>\n<p>Fue hasta 1920 cuando se empezaron a utilizar los tubos de rayos cat\u00f3dicos en sistemas de televisi\u00f3n pasando de receptores mec\u00e1nicos a totalmente electr\u00f3nicos.<\/p>\n<p>Pero como radio experimentadores no solo es interesante un Dx o un QSO de ATV, sino tambi\u00e9n la cobertura de una se\u00f1al emitida desde tu QTH.<\/p>\n<p>Utilizando las bandas autorizadas para radioaficionados podemos emitir se\u00f1ales de\u00a0televisi\u00f3n y sonido\u00a0similares a las cadenas de televisi\u00f3n profesional parecidas a las recibidas en nuestro televisor dom\u00e9stico. con una anchura de banda de 36 mhz y 5 mhz de desplazamiento para abarcar toda la informaci\u00f3n entre la informaci\u00f3n de video y la su portadora de sonido.<\/p>\n<p>Televisi\u00f3n amateur (ATV), transmisi\u00f3n instant\u00e1nea de im\u00e1genes, tales como fotos o escenas, fijas o en movimiento, y sonido simultaneo por medios electr\u00f3nicos a trav\u00e9s de l\u00edneas de transmisi\u00f3n el\u00e9ctricas o radiaci\u00f3n electromagn\u00e9tica (ondas de radio). Sin embargo, casi todos los sistemas modernos de televisi\u00f3n utilizan el movimiento de un haz de electrones que recorre la pantalla de los tubos tomavistas o de los tubos receptores. La ventaja de la exploraci\u00f3n mediante haz de electrones radica en que puede desplazarse con mayor rapidez y puede explorar una imagen completa en una fracci\u00f3n de segundo. Que es muy diferente a lo que llamamos SSTV (Televisi\u00f3n de barrido lento ) pues en \u00e9ste otro modo digital solo se proyecta una sola imagen en menos de un minuto.<\/p>\n<p>Para instalar una estaci\u00f3n de ATV\u00a0(Amateur televisi\u00f3n) se deben de considerar varios puntos b\u00e1sicos :<\/p>\n<p>a).- Excelente sensibilidad, b).- Costo razonable c).- Disponibilidad de los componentes el\u00e9ctricos para montarlos y experimentar, d).- Dise\u00f1o de las antenas y elementos radiantes, e).- atenuaci\u00f3n de la se\u00f1al por las p\u00e9rdidas en el cable coaxial debido a sus caracter\u00edsticas y longitud del mismo.<\/p>\n<p>En cuanto al receptor se puede utilizar un televisor com\u00fan con los ajustes adecuados para localizar la frecuencia \u00fatil y permitida en el segmento de radioaficionados.<\/p>\n<p>Otro aspecto muy interesante es tomar en cuenta las interferencias y ruido para reducirlos y as\u00ed lograr una mayor sensibilidad y evitar la nieve en la pantalla de tv.<\/p>\n<p>Los equipos necesarios serian los siguientes:<\/p>\n<p>En recepci\u00f3n: Un televisor dom\u00e9stico que tenga la banda de UHF (432Mhz), un preamplificador para las frecuencias de uhf. una antena receptora con un relay de paso para efectuar los cambios de recepci\u00f3n a trasmisi\u00f3n.<\/p>\n<p>En trasmisi\u00f3n : Una c\u00e1mara de video,, un emisor (amplificador) de tva para la frecuencia de tv (435mhz), Hacer el cambio de recepci\u00f3n a trasmisi\u00f3n con el relay antes mencionado para enviar la se\u00f1al de tv.<\/p>\n<p>Trasmisi\u00f3n del Sonido: Un micr\u00f3fono, un emisor de sonido, a la frecuencia (435mhz +5.5 Mhz) arriba de la se\u00f1al de video. Otra segunda antena para enviar la se\u00f1al de sonido.<\/p>\n<p>El conversor de UHF est\u00e1 preparado para recibir\u00a0los canales del 21 al 69\u00a0cuyo margen de frecuencias anda de 470 a 820 Mhz y que es muy f\u00e1cil de convertirlo a 432 mhz para la recepci\u00f3n de ATV.<\/p>\n<p>La se\u00f1al de televisi\u00f3n es una compleja onda electromagn\u00e9tica de variaci\u00f3n de tensi\u00f3n o intensidad, compuesta por las siguientes partes:<\/p>\n<p>1)\u00a0una serie de fluctuaciones correspondientes a las fluctuaciones de la intensidad de luz de los elementos de la imagen a explorar.<\/p>\n<p>2)\u00a0una serie de impulsos de sincronizaci\u00f3n que adaptan el receptor a la misma frecuencia de barrido que el transmisor.<\/p>\n<p>3)\u00a0una serie adicional de los denominados impulsos de borrado.<\/p>\n<p>4)\u00a0una se\u00f1al de frecuencia modulada (FM) que transporta el sonido que acompa\u00f1a a la imagen. Los tres primeros elementos conforman la se\u00f1al de v\u00eddeo y se describen m\u00e1s adelante. Las fluctuaciones de intensidad o tensi\u00f3n correspondientes a las variaciones de la intensidad de la luz, suelen llamarse se\u00f1al de v\u00eddeo. Las frecuencias de dicha se\u00f1al oscilan entre 30 millones y 4 millones de Hz, dependiendo del contenido de la imagen. Los impulsos de sincronizaci\u00f3n son picos peque\u00f1os de energ\u00eda el\u00e9ctrica generados por los correspondientes osciladores en la estaci\u00f3n emisora. Estos impulsos controlan la velocidad del barrido horizontal y vertical tanto de la c\u00e1mara como del receptor. Los impulsos de sincronismo horizontal se producen a intervalos de 0,01 segundos y su duraci\u00f3n es pr\u00e1cticamente la misma. Los impulsos de borrado anulan el haz de electrones en la c\u00e1mara y en el receptor durante el tiempo empleado por el haz de electrones en volver desde el final de una l\u00ednea horizontal hasta el principio de la siguiente, as\u00ed como desde la parte inferior del esquema vertical hasta la parte superior. La sincronizaci\u00f3n y estructura de estos impulsos resultan extremadamente complejas.<\/p>\n<h2><\/h2>\n<p><span style=\"text-decoration: underline;\">Como ingresar a<strong> ATVA (esquem\u00e1tico)desde Skype:<\/strong><\/span><img src=\"http:\/\/www.atva.com.ar\/skype_repe_file\/skype.gif\" alt=\"\" \/><\/p>\n<p><a href=\"https:\/\/www.lu6dkt.com.ar\/wp-content\/uploads\/2011\/05\/Frecuencias-de-canales-de-televisi\u00f3n.doc\">Frecuencias de canales de televisi\u00f3n<\/a><\/p>\n<p><a href=\"https:\/\/www.lu6dkt.com.ar\/wp-content\/uploads\/2011\/05\/Frecuencias-de-canales-de-televisi\u00f3n.doc\"><\/a><a href=\"https:\/\/www.lu6dkt.com.ar\/wp-content\/uploads\/2011\/05\/Mmitin-en-San-Bernardino-2009.pdf\">Mitin en San Bernardino 2009<\/a><\/p>\n<p><a href=\"https:\/\/www.lu6dkt.com.ar\/wp-content\/uploads\/2011\/05\/Experimentos-y-Notas-de-LU7HZ-atv.doc\">Experimentos y Notas de LU7HZ atv<\/a><\/p>\n<p><a href=\"https:\/\/www.lu6dkt.com.ar\/wp-content\/uploads\/2011\/05\/atv_recepcion.pdf\">Atv, recepcion<\/a><\/p>\n<p><a href=\"https:\/\/www.lu6dkt.com.ar\/wp-content\/uploads\/2011\/05\/apuntes-Amigos-de-ATVA.doc\">apuntes con novedades  de ATVA<\/a><\/p>\n<h2><strong><span style=\"text-decoration: underline;\"><em>Pagina de equipos para \u00a0ATV:<\/em><\/span><\/strong><\/h2>\n<p><a href=\"http:\/\/foro.yv5en.org\/viewtopic.php?t=186&amp;sid=9041a4ede21013e2b2070d92504ab135\">http:\/\/foro.yv5en.org\/viewtopic.php?t=186&amp;sid=9041a4ede21013e2b2070d92504ab135<\/a><\/p>\n<h2>Videos:<\/h2>\n<p>Experiencias de AC6RB:<\/p>\n<p><a href=\"https:\/\/www.lu6dkt.com.ar\/wp-content\/uploads\/2011\/05\/Laser.wmv\">TX en Laser<\/a><\/p>\n<h2><span style=\"text-decoration: underline;\">CARTELERIA<\/span><\/h2>\n<p><span style=\"text-decoration: underline;\"><img loading=\"lazy\" class=\"size-full wp-image-537 alignleft\" title=\"audio\" src=\"https:\/\/www.lu6dkt.com.ar\/wp-content\/uploads\/2011\/05\/audio.gif\" alt=\"\" width=\"80\" height=\"40\" \/><\/span><\/p>\n<p><a href=\"https:\/\/www.lu6dkt.com.ar\/wp-content\/uploads\/2011\/05\/alaire.gif\"><img loading=\"lazy\" class=\"size-full wp-image-535 alignnone\" title=\"al aire\" src=\"https:\/\/www.lu6dkt.com.ar\/wp-content\/uploads\/2011\/05\/alaire.gif\" alt=\"Cartel &quot;al aire&quot;\" width=\"120\" height=\"35\" \/><\/a><\/p>\n<p><em><span style=\"text-decoration: underline;\"><a href=\"https:\/\/www.lu6dkt.com.ar\/wp-content\/uploads\/2011\/05\/alaire.gif\"><\/a>ESTACION \u00a0BASICA DE ATV:<\/span><\/em><\/p>\n<p><a href=\"https:\/\/www.lu6dkt.com.ar\/wp-content\/uploads\/2011\/05\/Estacion-deTelevision.jpg\"><img loading=\"lazy\" class=\"alignleft size-medium wp-image-622\" title=\"Esquema de Estacion deTelevision para RA.\" src=\"https:\/\/www.lu6dkt.com.ar\/wp-content\/uploads\/2011\/05\/Estacion-deTelevision-300x221.jpg\" alt=\"Esquema de Estacion deTelevision para RA.\" width=\"300\" height=\"221\" srcset=\"https:\/\/www.lu6dkt.com.ar\/wp-content\/uploads\/2011\/05\/Estacion-deTelevision-300x221.jpg 300w, https:\/\/www.lu6dkt.com.ar\/wp-content\/uploads\/2011\/05\/Estacion-deTelevision.jpg 873w\" sizes=\"(max-width: 300px) 100vw, 300px\" \/><\/a><\/p>\n","protected":false},"excerpt":{"rendered":"<p>Experimentaci\u00f3n de ATV por\u00a0Radio aficionados: Televisi\u00f3n de barrido r\u00e1pido Aunque la televisi\u00f3n\u00a0 parezca muy moderna realmente los primeros experimentos se remontan hacia el a\u00f1o de 1884 en el que PAUL NIPKOW Ide\u00f3 el c\u00e9lebre disco que lleva su nombre y en 1910 se increment\u00f3 su aplicaci\u00f3n para encaminar las pruebas hacia horizontes bien definidos lleg\u00e1ndose [&hellip;]<\/p>\n","protected":false},"author":2,"featured_media":0,"parent":225,"menu_order":1,"comment_status":"closed","ping_status":"open","template":"","meta":[],"_links":{"self":[{"href":"https:\/\/www.lu6dkt.com.ar\/index.php?rest_route=\/wp\/v2\/pages\/517"}],"collection":[{"href":"https:\/\/www.lu6dkt.com.ar\/index.php?rest_route=\/wp\/v2\/pages"}],"about":[{"href":"https:\/\/www.lu6dkt.com.ar\/index.php?rest_route=\/wp\/v2\/types\/page"}],"author":[{"embeddable":true,"href":"https:\/\/www.lu6dkt.com.ar\/index.php?rest_route=\/wp\/v2\/users\/2"}],"replies":[{"embeddable":true,"href":"https:\/\/www.lu6dkt.com.ar\/index.php?rest_route=%2Fwp%2Fv2%2Fcomments&post=517"}],"version-history":[{"count":18,"href":"https:\/\/www.lu6dkt.com.ar\/index.php?rest_route=\/wp\/v2\/pages\/517\/revisions"}],"predecessor-version":[{"id":2026,"href":"https:\/\/www.lu6dkt.com.ar\/index.php?rest_route=\/wp\/v2\/pages\/517\/revisions\/2026"}],"up":[{"embeddable":true,"href":"https:\/\/www.lu6dkt.com.ar\/index.php?rest_route=\/wp\/v2\/pages\/225"}],"wp:attachment":[{"href":"https:\/\/www.lu6dkt.com.ar\/index.php?rest_route=%2Fwp%2Fv2%2Fmedia&parent=517"}],"curies":[{"name":"wp","href":"https:\/\/api.w.org\/{rel}","templated":true}]}}