{"id":554,"date":"2011-05-25T10:55:39","date_gmt":"2011-05-25T13:55:39","guid":{"rendered":"http:\/\/lu6dkt.com.ar\/?page_id=554"},"modified":"2020-03-31T11:10:39","modified_gmt":"2020-03-31T14:10:39","slug":"modos-2","status":"publish","type":"page","link":"https:\/\/www.lu6dkt.com.ar\/?page_id=554","title":{"rendered":"NOTAS MODOS DIGITALES"},"content":{"rendered":"\n<h1 id=\"firstHeading\">FT8<\/h1>\n\n\n\n<table class=\"wp-block-table\"><tbody><tr><td>FT8<a href=\"https:\/\/www.ecured.cu\/Plantilla:Definici%C3%B3n\"><\/a><a href=\"https:\/\/www.ecured.cu\/Archivo:Ft8.jpg\"><\/a>Concepto:Modo digital para Radioaficionados<\/td><\/tr><\/tbody><\/table>\n\n\n\n<p><strong>FT8:<\/strong>&nbsp;Modo de radiocomunicaci\u00f3n para uso de radioaficionados dise\u00f1ado por K1JT&nbsp;<a href=\"https:\/\/www.ecured.cu\/Joseph_Hooton_Taylor\">Joseph Hooton Taylor<\/a>,&nbsp;<a href=\"https:\/\/www.ecured.cu\/Premio_Nobel\">Premio Nobel<\/a>&nbsp;de&nbsp;<a href=\"https:\/\/www.ecured.cu\/F%C3%ADsica\">F\u00edsica<\/a>&nbsp;en&nbsp;<a href=\"https:\/\/www.ecured.cu\/1993\">1993<\/a>, autor de varios protocolos y&nbsp;<a href=\"https:\/\/www.ecured.cu\/Programas\">programas<\/a>&nbsp;para la&nbsp;<a href=\"https:\/\/www.ecured.cu\/Comunicaci%C3%B3n\">comunicaci\u00f3n<\/a>&nbsp;de datos entre&nbsp;<a href=\"https:\/\/www.ecured.cu\/Radioaficionados\">radioaficionados<\/a>&nbsp;en entornos de se\u00f1ales extremadamente d\u00e9biles como los conocidos WSJT (Weak Signal\/Joe Taylor) o el JT65. FT8 est\u00e1 dise\u00f1ado para situaciones como multi-hop donde las se\u00f1ales pueden ser d\u00e9biles y se desvanecen, las aberturas pueden ser cortas, y se quiere completar r\u00e1pidamente el comunicado de forma confiable.<\/p>\n\n\n\n<h2>Caracter\u00edsticas<\/h2>\n\n\n\n<ul><li>Longitud de la secuencia T \/ R: 15 s<\/li><li>Longitud del mensaje: 75 bits + CRC de 12 bits<\/li><li>C\u00f3digo FEC: LDPC (174,87)<\/li><li>Modulaci\u00f3n: 8-FSK, velocidad de inserci\u00f3n = separaci\u00f3n de tono = 5.86 Hz<\/li><li>Forma de onda: fase continua, envolvente constante<\/li><li>Ancho de banda ocupado: 47 Hz<\/li><li>Sincronizaci\u00f3n: tres arrays 7 \u00d7 7 Costas (inicio, centro, final de Tx)<\/li><li>Duraci\u00f3n de la transmisi\u00f3n: 79 * 2048\/12000 = 13,48 s<\/li><li>Umbral de decodificaci\u00f3n: -20 dB (quiz\u00e1s -24 dB con decodificaci\u00f3n AP, TBD)<\/li><li>Comportamiento operativo: similar al uso de HF de JT9, JT65<\/li><li>Multi decodificador: busca y descodifica todas las se\u00f1ales FT8 en banda de paso<\/li><li>Auto-secuenciaci\u00f3n despu\u00e9s del inicio manual de QSO<\/li><li>Comparaci\u00f3n con modos lentos JT9, JT65, QRA64: FT8 es unos pocos dB menos pero permite completar los QSO cuatro veces m\u00e1s r\u00e1pido. El ancho de banda es mayor que JT9, pero aproximadamente 1\/4 de JT65A y menos de 1\/2 QRA64.<\/li><li>Comparaci\u00f3n con modos r\u00e1pidos JT9E-H: FT8 es significativamente m\u00e1s sensible, tiene un ancho de banda mucho menor, utiliza la cascada vertical, y ofrece decodificaci\u00f3n m\u00faltiple en toda la banda de paso visualizada.<\/li><\/ul>\n\n\n\n<h2>Software<\/h2>\n\n\n\n<ul><li><a href=\"https:\/\/www.ecured.cu\/index.php?title=WSJT-X&amp;action=edit&amp;redlink=1\">WSJT-X<\/a>&nbsp;v1.7.1.<\/li><\/ul>\n\n\n\n<h2>Fuente<\/h2>\n\n\n\n<ul><li><a target=\"_blank\" rel=\"noreferrer noopener\" href=\"http:\/\/qrznow.com\/new-digital-mode-from-k1jt-ft8\/\">http:\/\/qrznow.com\/new-digital-mode-from-k1jt-ft8\/<\/a><\/li><li><a target=\"_blank\" rel=\"noreferrer noopener\" href=\"http:\/\/ea1uro.com\/radio\/ft8\/\">http:\/\/ea1uro.com\/radio\/ft8\/<\/a><\/li><li><a target=\"_blank\" rel=\"noreferrer noopener\" href=\"http:\/\/www.arrlpr.org\/?p=3130\">http:\/\/www.arrlpr.org\/?p=3130<\/a><\/li><\/ul>\n\n\n\n<ul><li><a href=\"https:\/\/www.ecured.cu\/EcuRed:Normativa_de_privacidad\">Normativa de privacidad<\/a><\/li><li><a href=\"https:\/\/www.ecured.cu\/EcuRed:Acerca_de\">EcuRed<\/a><\/li><li><a href=\"https:\/\/www.ecured.cu\/EcuRed:Descargo_general\">Exoneraciones<\/a><\/li><\/ul>\n\n\n\n<h2><\/h2>\n","protected":false},"excerpt":{"rendered":"<p>FT8 FT8Concepto:Modo digital para Radioaficionados FT8:&nbsp;Modo de radiocomunicaci\u00f3n para uso de radioaficionados dise\u00f1ado por K1JT&nbsp;Joseph Hooton Taylor,&nbsp;Premio Nobel&nbsp;de&nbsp;F\u00edsica&nbsp;en&nbsp;1993, autor de varios protocolos y&nbsp;programas&nbsp;para la&nbsp;comunicaci\u00f3n&nbsp;de datos entre&nbsp;radioaficionados&nbsp;en entornos de se\u00f1ales extremadamente d\u00e9biles como los conocidos WSJT (Weak Signal\/Joe Taylor) o el JT65. FT8 est\u00e1 dise\u00f1ado para situaciones como multi-hop donde las se\u00f1ales pueden ser d\u00e9biles y [&hellip;]<\/p>\n","protected":false},"author":2,"featured_media":0,"parent":509,"menu_order":4,"comment_status":"closed","ping_status":"open","template":"","meta":[],"_links":{"self":[{"href":"https:\/\/www.lu6dkt.com.ar\/index.php?rest_route=\/wp\/v2\/pages\/554"}],"collection":[{"href":"https:\/\/www.lu6dkt.com.ar\/index.php?rest_route=\/wp\/v2\/pages"}],"about":[{"href":"https:\/\/www.lu6dkt.com.ar\/index.php?rest_route=\/wp\/v2\/types\/page"}],"author":[{"embeddable":true,"href":"https:\/\/www.lu6dkt.com.ar\/index.php?rest_route=\/wp\/v2\/users\/2"}],"replies":[{"embeddable":true,"href":"https:\/\/www.lu6dkt.com.ar\/index.php?rest_route=%2Fwp%2Fv2%2Fcomments&post=554"}],"version-history":[{"count":3,"href":"https:\/\/www.lu6dkt.com.ar\/index.php?rest_route=\/wp\/v2\/pages\/554\/revisions"}],"predecessor-version":[{"id":4792,"href":"https:\/\/www.lu6dkt.com.ar\/index.php?rest_route=\/wp\/v2\/pages\/554\/revisions\/4792"}],"up":[{"embeddable":true,"href":"https:\/\/www.lu6dkt.com.ar\/index.php?rest_route=\/wp\/v2\/pages\/509"}],"wp:attachment":[{"href":"https:\/\/www.lu6dkt.com.ar\/index.php?rest_route=%2Fwp%2Fv2%2Fmedia&parent=554"}],"curies":[{"name":"wp","href":"https:\/\/api.w.org\/{rel}","templated":true}]}}