{"id":67,"date":"2011-04-17T15:57:46","date_gmt":"2011-04-17T18:57:46","guid":{"rendered":"http:\/\/lu6dkt.com.ar\/?page_id=67"},"modified":"2022-08-02T12:34:11","modified_gmt":"2022-08-02T15:34:11","slug":"bienvenido","status":"publish","type":"page","link":"https:\/\/www.lu6dkt.com.ar\/","title":{"rendered":"Bienvenido"},"content":{"rendered":"<h3><\/h3>\n<address>\n<table style=\"background-color: white; width: 660px; border: 0px;\">\n<tbody>\n<tr>\n<td><img loading=\"lazy\" class=\"aligncenter\" title=\"Oso Perseverante LU6DKT \/ LU0D\" src=\"https:\/\/www.lu6dkt.com.ar\/wp-content\/uploads\/2011\/04\/jack-scout-jocosa-200x300.jpg\" alt=\"\" width=\"200\" height=\"300\" \/><\/td>\n<\/tr>\n<\/tbody>\n<\/table>\n<address>\u00a0<\/address>\n<\/address>\n<address>Gracias por visitarme. En este sitio, usted encontrar\u00e1 todo sobre m\u00ed, mi familia, y esta maravillosa actividad, la radioaficion.<\/address>\n<address>\u00a0<\/address>\n<address>Thank you for visit me. In this site, you will find all about me, my family, and this wonderful activity, the hamradio.<\/address>\n<address>\n<hr \/>\n<\/address>\n<address>\u00a0<\/address>\n<address>\n<hr \/>\n<\/address>\n<p><strong>\u00abDESPU\u00c9S DE UN LARGO TIEMPO, POR EL COVID, INTENTAMOS NUEVAMENTE DE PROGRAMAR EVENTOS\u00a0 PARA ESTE 2022.\u00bb<\/strong><\/p>\n<p>&#8212;&#8212;&#8212;&#8212;&#8212;&#8212;&#8212;&#8212;&#8212;&#8212;&#8212;&#8212;&#8212;&#8212;&#8212;&#8212;&#8212;&#8212;&#8212;&#8212;&#8212;&#8212;&#8212;&#8212;&#8212;&#8212;&#8212;&#8212;&#8212;&#8212;&#8212;&#8212;&#8212;&#8212;&#8212;&#8212;&#8212;&#8212;&#8211;<\/p>\n<p><span style=\"color: #ff0000;\"><b>-DURANTE EL A\u00d1O EN CURSO ESTAR\u00c9 OPERANDO CON LA SDE \u00abL40GM\u00bb EN HOMENAJE A LA GESTA DE MALVINAS Y YO COMO VGM.-(A PARTIR DEL 27-3-2022).<\/b><\/span><\/p>\n<p>&#8212;&#8212;&#8212;&#8212;&#8212;&#8212;&#8212;&#8212;&#8212;&#8212;&#8212;&#8212;&#8212;&#8212;&#8212;&#8212;&#8212;&#8212;&#8212;&#8212;&#8212;&#8212;&#8212;&#8212;&#8212;&#8212;&#8212;&#8212;&#8212;&#8212;&#8212;&#8212;&#8212;&#8212;&#8212;&#8212;&#8212;&#8212;&#8211;<\/p>\n<h2><span style=\"color: #800080;\"><b>\u00a0 \u00a0 \u00a0 \u00a0 \u00a0 \u00a0 \u00a0 \u00a0 \u00a0 \u00a0 \u00a0 \u00a0 \u00a0 \u00a0 <em>\u00a0-PROGRAMACI\u00d3N 2022-<\/em><\/b><\/span><\/h2>\n<p>MES DE MARZO-&gt;<\/p>\n<p><span style=\"color: #000000;\"><strong><span style=\"color: #ff6600;\"><strong style=\"color: #000000;\"><strong style=\"font-size: revert; color: initial;\"><span style=\"color: #339966;\">TAREA CUMPLIDA!!&#8211;&gt;&gt;<\/span><\/strong><\/strong><\/span><\/strong><\/span> 26 -3 AL 3-4 <strong>DIPLOMA MALVINAS 2022 (OPERANDO PARA LU7DZV CON LA SD LU6DKT.-<\/strong><\/p>\n<p>MES DE ABRIL-&gt;<\/p>\n<p><span style=\"color: #000000;\"><strong><span style=\"color: #ff6600;\"><strong style=\"color: #000000;\"><strong style=\"font-size: revert; color: initial;\"><span style=\"color: #339966;\">TAREA CUMPLIDA!!&#8211;&gt;&gt;<\/span><\/strong><\/strong><\/span><\/strong><\/span> 1 Y 2-4-22. <b>QSL ESPECIAL 1\u00b0 TX DESDE CENTRO VETERANOS Y MUSEO \u00abSOBERAN\u00cdA NACIONAL DE GUERNICA. (CON LA SDE L40GM).<\/b><\/p>\n<p><span style=\"color: #000000;\"><strong><span style=\"color: #ff6600;\"><strong style=\"color: #000000;\"><strong style=\"font-size: revert; color: initial;\"><span style=\"color: #339966;\">TAREA CUMPLIDA!!&#8211;&gt;&gt;<\/span><\/strong><\/strong><\/span><\/strong><\/span>2 Y 3-4-22. <strong>OPERANDO PARA EL SARA CON LA SD LU6DKT<\/strong><\/p>\n<p>MES DE MAYO-&gt;<\/p>\n<p><strong>2-5-22. <a href=\"https:\/\/www.lu6dkt.com.ar\/?page_id=429\">QSL ESPECIAL<\/a><\/strong>\u00a0 <strong>(OPERANDO PARA EL SARA<\/strong>). &#8211;&gt;<span style=\"color: #339966;\"><strong>CUMPLIDO<strong style=\"font-size: revert; color: initial;\">!!<\/strong><\/strong><\/span><\/p>\n<p><strong><span style=\"color: #000000;\"><span style=\"color: #ff6600;\"><strong style=\"color: #000000;\"><strong style=\"font-size: revert; color: initial;\"><span style=\"color: #339966;\">TAREA CUMPLIDA!!&#8211;&gt;&gt;<\/span><\/strong><\/strong><\/span><\/span>9-5 al 10-5-22.\u00a0 <a href=\"https:\/\/www.lu6dkt.com.ar\/?p=4878\">ACTIVIDAD ESPECIAL<\/a> (OPERANDO PARA EL SARA ).<\/strong><\/p>\n<p><strong style=\"font-size: revert; color: initial;\"><span style=\"color: #000000;\"><strong><span style=\"color: #ff6600;\"><strong style=\"color: #000000;\"><span style=\"color: #339966;\">TAREA CUMPLIDA!!&#8211;&gt;&gt;<\/span><\/strong><\/span><\/strong><\/span>2-5 al 8-5-22.<\/strong><span style=\"font-size: revert; color: initial;\">\u00a0 \u00a0\u00a0<\/span><strong style=\"font-size: revert; color: initial;\"><a style=\"color: initial;\" href=\"https:\/\/www.lu6dkt.com.ar\/?p=4866\">CERTIFICADO ARA ALFEREZ SOBRAL\u00a0 (Oprando para LU6DG). <\/a><span style=\"color: rgba(0, 0, 0, 0);\">O PARA LU6DG. CON SDE L40GM). <span style=\"color: rgba(0, 0, 0, 0);\">&#8212;\u00a0 \u00a0 \u00a0 \u00a0 \u00a0 \u00a0 \u00a0 \u00a0 \u00a0 \u00a0 \u00a0 \u00a0 \u00a0 \u00a0 \u00a0 \u00a0 \u00a0&#8211;&gt;\u00a0 \u00a0<\/span><\/span><\/strong><\/p>\n<p><strong><span style=\"color: #000000;\"><span style=\"color: #ff6600;\"><strong style=\"color: #000000;\"><strong style=\"font-size: revert; color: initial;\"><span style=\"color: #339966;\">TAREA CUMPLIDA!!&#8211;&gt;&gt;<\/span><\/strong><\/strong><\/span><\/span>23-5 al 24-5-22.<\/strong> <strong>ACTIVIDAD ESPECIAL (<a href=\"https:\/\/www.lu6dkt.com.ar\/?page_id=4891\">HOMENAJE 33\u00b0 MUAN CON SDE L40GM<\/a>)\u00a0<\/strong><\/p>\n<p>MES DE JUNIO<\/p>\n<p><strong>Del 17-06 al 26-06-22&#8211;&gt;&gt;Operando para LU7DZV (RC. Gral. SARMIENTO). <a href=\"https:\/\/www.lu6dkt.com.ar\/?p=4937\">CERTIFICADO EN SU 56\u00b0 ANIVERSARIO<\/a> (BASES en: LU7DZV.COM.AR\/LDA\/QRZ.COM). <strong style=\"font-size: revert; color: initial;\">&#8211;&gt;<span style=\"color: #000000;\"><span style=\"color: #ff6600;\"><strong style=\"color: #000000;\"><span style=\"color: #339966;\">TAREA CUMPLIDA!!<\/span><\/strong><\/span><\/span><\/strong><\/strong><\/p>\n<p><span style=\"color: #000000;\"><span style=\"color: #800000;\"><span style=\"color: #0000ff;\"><b>\u00a0 <strong><span style=\"color: #ff6600;\"><strong style=\"color: #000000;\"><strong style=\"font-size: revert; color: initial;\"><span style=\"color: #339966;\">TAREA CUMPLIDA!!&#8211;&gt;&gt;<\/span><\/strong><\/strong><\/span><\/strong><\/b><\/span><\/span><b style=\"color: #000000;\">28\/6\/2022- 29\/6\/2022&gt;&gt; <\/b><a style=\"color: #000000; font-weight: bold;\" href=\"https:\/\/www.lu6dkt.com.ar\/?p=4914\">QSL ESPECIAL\u00a0 HOMENAJE AL <\/a><strong style=\"color: #000000;\">\u00ab1\u00b0 VUELO TRASANDINO EN GLOBO\u00bb.\u00a0<\/strong><\/span><\/p>\n<p>MES DE JULIO<\/p>\n<p><strong><span style=\"color: #ff6600;\"><span style=\"color: #000000;\"><strong style=\"color: #000000;\"><strong style=\"font-size: revert; color: initial;\"><span style=\"color: #339966;\">TAREA CUMPLIDA!!&#8211;&gt;&gt; <\/span><\/strong><\/strong><\/span><\/span>1\/7 AL 3\/7\/22&gt;&gt;<a href=\"https:\/\/www.lu6dkt.com.ar\/?p=4962\">CERTIFICADO \u00ab124\u00b0\u00a0 DE LA CIUDAD DE PUNTA ALTA\u00bb<\/a> (OPERANDO PARA \u00abPARC\u00bb LU6DG).<\/strong><\/p>\n<p><span style=\"color: #000000;\"><strong><span style=\"color: #ff6600;\"><strong style=\"color: #000000;\"><strong style=\"font-size: revert; color: initial;\"><span style=\"color: #339966;\">TAREA CUMPLIDA!!&#8211;&gt;&gt;<\/span><\/strong><\/strong><\/span>28 al 30\/7\/2022&gt;&gt;&gt;<a href=\"https:\/\/www.lu6dkt.com.ar\/?p=4914\"> QSL \u00bb Aniversario de VILLA VENTANA\u00bb<\/a>.<\/strong><\/span><\/p>\n<p><span style=\"color: #ff00ff;\"><b>PROXIMA ACTIVIDAD&#8211;&gt;&gt;<\/b><\/span>MES DE SEPTIEMBRE<\/p>\n<address>\n<address><span style=\"color: #000000;\"><strong>4 al 6\/9\/2022 &gt;&gt;&gt;&gt;<a href=\"https:\/\/www.lu6dkt.com.ar\/?p=4914\">QSL \u00abD\u00eda del SCOUT\u00bb<\/a>.<\/strong><\/span><\/address>\n<\/address>\n<p>MES DE NOVIEMBRE<\/p>\n<p><span style=\"color: #ff00ff;\"><b style=\"color: #ff00ff;\">Por razones <\/b><span style=\"color: #ff00ff;\"><b>t\u00e9cnicas<\/b><\/span><b style=\"color: #ff00ff;\"> se TX EL&#8211;&gt;<\/b><\/span> <span style=\"color: #ff6600;\"><strong>04-11-06-22<\/strong><\/span>&#8211; <strong>QSL ESPECIAL, <\/strong>HOMENAJE\u00a0<a href=\"https:\/\/www.lu6dkt.com.ar\/?p=4914\"><b>\u00a0 AL M\u00d3VIL A\u00c9REO DC3 LV-BEH EN SUS 78 A\u00d1OS DE VUELO. (CITO EN G. RODRIGUEZ).<\/b><\/a><\/p>\n<p><span style=\"color: #ff6600;\">Fecha a TENTATIVA<\/span> 30\/11\/22&#8212;&gt;&gt; Aniversario Cuartel de Bomberos y nueva Sede de VILLA VENTANA.<\/p>\n<p>&#8212;&#8212;&#8212;&#8212;&#8212;&#8212;&#8212;&#8212;&#8212;&#8212;&#8212;&#8212;&#8212;&#8212;&#8212;&#8212;&#8212;&#8212;00000&#8212;&#8212;&#8212;&#8212;&#8212;&#8212;&#8212;&#8212;&#8212;&#8212;&#8212;&#8212;&#8212;&#8212;&#8212;&#8212;&#8212;&#8211;<\/p>\n<p><!--more--><\/p>\n<h2><span style=\"color: #0000ff;\"><strong>A\u00d1O 2020 SE VIENE EL 10\u00b0 DEL G.E.L.P.\u00a0<\/strong><\/span><\/h2>\n<p>6-al 10-01-2020 &gt;&gt;&gt;&gt;QSL a un solo QSO EN HOMENAJE AL PRIMER ATERRIZAJE DE UN AVI\u00d3N ARGENTINO EN EL POLO SUR. <span style=\"color: #339966;\"><strong>CUMPLIDA!!!<\/strong><\/span><\/p>\n<p><strong><span style=\"color: #ff0000;\">\u00abSE SUSPENDEN TODAS LAS ACTIVIDADES DE CAMPO POR EL COVID-19\u00bb<\/span><\/strong><\/p>\n<address><b>1-5-200 al 20-5-2020 &gt;&gt;&gt;XL\u00b0 Diploma y Concurso Leonardo Davinci .<span style=\"color: #33cccc;\"> Cumplido!!!<\/span><\/b><\/address>\n<address>\u00a0<\/address>\n<address>\n<hr \/>\n<\/address>\n<address>\u00a0<\/address>\n<address>\u00a0<\/address>\n<address><strong><span style=\"color: #0000ff;\">ooooooooooooooooooooooooooooooooooooooooooooooooooooooooooooooooooooooooooooooooooooooooooooo<\/span><\/strong><\/address>\n<address>\u00a0\u00a0<\/address>\n<address>\n<address><span style=\"color: #993366;\">\u00a0<strong>&#8211;<\/strong><em><strong> CRONOGRAMA DE ACTIVIDADES GRUPO EXPEDICIONARIO LOS PINGUYOS 2019-<\/strong><\/em><\/span><\/address>\n<address>\u00a0<\/address>\n<address>\n<address><strong>ENERO 2019<\/strong><\/address>\n<address><strong>6\/1\/2019&gt;&gt;&gt; <a href=\"https:\/\/www.lu6dkt.com.ar\/?p=4014\">QSL \u00bb 1\u00b0 ATERRIZAJE DE UN AVI\u00d3N ARGENTINO EN EL POLO SUR\u00bb.\u00a0<\/a>postergada al mes de febrero<\/strong><strong>!!<\/strong><\/address>\n<address>\u00a0<\/address>\n<address><span style=\"color: #339966;\"><strong>FEBRERO 2019<\/strong><\/span><\/address>\n<address><span style=\"color: #339966;\"><strong> <a style=\"color: #339966;\" href=\"https:\/\/www.lu6dkt.com.ar\/?p=4014\">QSL \u00bb 1\u00b0 ATERRIZAJE DE UN AVI\u00d3N ARGENTINO EN EL POLO SUR\u00bb<\/a>\u00a0Cumplida!!!<\/strong><\/span><\/address>\n<address><span style=\"color: #339966;\"><b>QSL Homenaje <a style=\"color: #339966;\" href=\"https:\/\/www.lu6dkt.com.ar\/?p=4014\">\u00abD\u00eda\u00a0de la Aviaci\u00f3n\u00a0Naval\u00bb<\/a> Cumplida!!<\/b><\/span><\/address>\n<address><span style=\"color: #339966;\">22 AL 24\/2\/2019&gt;&gt;&gt;QSL ESPECIAL<a style=\"color: #339966;\" href=\"https:\/\/www.lu6dkt.com.ar\/?p=4014\">\u00ab<\/a>D\u00cdA\u00a0DE LA ANT\u00c1RTIDA\u00a0ARGENTINA\u00bb.Cumplida!!!<\/span><\/address>\n<address>\u00a0<\/address>\n<address>\n<address>\u00a0<strong>Marzo 2019<\/strong><\/address>\n<address><span style=\"color: #339966;\"><strong>10\/3\/2019&gt;&gt;&gt;&gt;Actividad de campo desde Alvarez Jonte <a style=\"color: #339966;\" href=\"https:\/\/www.lu6dkt.com.ar\/?p=4014\">\u00aben su 109\u00b0 Aniversario.<\/a> CUMPLIDA!!<\/strong><\/span><\/address>\n<\/address>\n<address><span style=\"color: #339966;\"><em><strong>15 AL 17\/3\/2019&gt;&gt;&gt; QSL ESPECIAL <a style=\"color: #339966;\" href=\"https:\/\/www.lu6dkt.com.ar\/?p=4014\">\u00abD\u00cdA DEL ESCUDO NACIONAL\u00bb<\/a>. Cumplida!!<\/strong><\/em><\/span><\/address>\n<address><span style=\"color: #339966;\"><strong>23 AL 24\/3\/2019&gt;&gt;&gt;&gt;QSL EN COMEMORACION DEL <a style=\"color: #339966;\" href=\"https:\/\/www.lu6dkt.com.ar\/?p=4014\">\u00abD\u00cdA LA VERDAD, MEMORIA Y JUSTICIA\u00bb\u00a0 Cumplida!!!!<\/a><\/strong><\/span><\/address>\n<\/address>\n<address>\n<address>\u00a0<\/address>\n<address><strong>ABRIL 2019.<\/strong>\u00a0<\/address>\n<address><span style=\"color: #339966;\"><b>1 y 2\/4\/2019&gt;&gt;&gt; QSL <a style=\"color: #339966;\" href=\"https:\/\/www.lu6dkt.com.ar\/?p=4014\">\u00abHomenaje a los VGM en el 37\u00b0 Aniversario de la GESTA\u00bb.<\/a> ##Posible actividad de campo##<strong><a style=\"color: #339966;\" href=\"https:\/\/www.lu6dkt.com.ar\/?p=4014\"><em>CUMPLIDA !!!<\/em><\/a><\/strong><\/b><\/span><\/address>\n<address>\u00a0<span style=\"color: #ff0000;\"><strong><span style=\"color: #339966;\">8 y 9-4-2019&gt;&gt;&gt;&gt;<a style=\"color: #339966;\" href=\"https:\/\/www.lu6dkt.com.ar\/?p=4014\"> Qsl \u00ab9no. Aniversario del GELP\u00bb. Cumplida!!!<\/a><\/span><b><\/b><\/strong><\/span><\/address>\n<address><span style=\"color: #339966;\"><strong>21 AL 23- 4- 2019&gt;&gt;&gt;&gt; <a style=\"color: #339966;\" href=\"https:\/\/www.lu6dkt.com.ar\/?p=4014\">QSL \u00abD\u00cdA DE LA TIERRA\u00bb.<b><\/b><\/a><b><a style=\"color: #339966;\" href=\"https:\/\/www.lu6dkt.com.ar\/?p=4014\"><em>Cumplida!!!<\/em><\/a><\/b><\/strong><\/span><\/address>\n<address>\u00a0<\/address>\n<\/address>\n<address>\n<address><span style=\"color: #000000;\"><strong>MAYO:<\/strong><\/span><\/address>\n<address><strong><span style=\"color: #339966;\">1 al 20\/5\/2019&gt;&gt;<a style=\"color: #339966; font-weight: bold;\" href=\"https:\/\/iq5em.webnode.it\/date-del-tou\/\"> \u00abDAVINCI 2019 \u00bb (LU6DKT S.A.H de IQ5EN). <\/a>cumplido!!!!<\/span><\/strong><\/address>\n<address><span style=\"color: #000000;\"><a href=\"https:\/\/www.lu6dkt.com.ar\/?p=4014\"><b><span style=\"color: #339966;\">4\/5\/19 &gt;&gt;&gt;&gt;QSL a un solo QSO<\/span><\/b><span style=\"color: #339966;\"> \u00abBAUTISMO DE FUEGO DE L<b>A <\/b><b>AVIACI\u00d3N<\/b><\/span><\/a><span style=\"color: #339966;\"><b> NAVAL. TX desde la BAPI (LU4DIF)<\/b><b> . cumplida<strong><a style=\"color: #339966;\" href=\"https:\/\/www.lu6dkt.com.ar\/?p=4014\"><em>\u00a0!!!<\/em><\/a><\/strong><\/b><\/span><\/span><\/address>\n<address>\u00a0<\/address>\n<address><span style=\"color: #808000;\"><strong>11\/5\/2019&gt;&gt;&gt; QSL <a style=\"color: #808000;\" href=\"https:\/\/www.lu6dkt.com.ar\/?p=4014\">\u00abD\u00cdA DEL HIMNO NACIONAL ARGENTINO\u00bb C<b>umplida<\/b><\/a><b><a style=\"color: #808000;\" href=\"https:\/\/www.lu6dkt.com.ar\/?p=4014\"><em>\u00a0!!!<\/em><\/a><\/b><\/strong><\/span><\/address>\n<address><strong><span style=\"color: #99cc00;\"><span style=\"color: #000000;\"><span style=\"color: #808000;\">2\/5\/ al 24\/5\/2019&gt;&gt;&gt; QSL<a style=\"color: #808000;\" href=\"https:\/\/www.lu6dkt.com.ar\/?p=4014\"> \u00abHomenaje al Natalicio de GUILLERMO<\/a> <\/span><\/span><span style=\"color: #808000;\">MARCONI\u00bb <b><a style=\"color: #808000;\" href=\"https:\/\/www.lu6dkt.com.ar\/?p=4014\"><em>Cumplida!!!!<\/em><\/a><\/b> <\/span><\/span><\/strong><\/address>\n<\/address>\n<address>\u00a0<\/address>\n<address>\n<address><strong>JUNIO:<\/strong><\/address>\n<address><span style=\"color: #99cc00;\"><strong>\u00a07 y 8 &#8211; 06-19&lt;&lt;<a style=\"color: #99cc00;\" href=\"https:\/\/www.lu6dkt.com.ar\/?p=4014\"> QSL \u00ab1\u00b0 Vuelo Transpolar de un avi\u00f3n Argentino\u00bb.\u00a0 Cumplida!!<\/a><\/strong><\/span><\/address>\n<address><span style=\"color: #99cc00;\"><strong>10 y 11 -6 &#8211; 19&lt;&lt;&lt;&lt;QSL \u00ab<a style=\"color: #99cc00;\" href=\"https:\/\/www.lu6dkt.com.ar\/?p=4014\">1\u00b0 Gobernador de las Is. Malvinas<\/a>\u00ab. Cumplida<\/strong><\/span><\/address>\n<address><span style=\"color: #99cc00;\"><strong>15\/6 AL 18\/6\/2019&gt;&gt;QSL \u00ab<a style=\"color: #99cc00;\" href=\"https:\/\/www.lu6dkt.com.ar\/?p=4014\">D\u00cdA NACIONAL DEL LIBRO<\/a>\u00bb Cumplida!!<\/strong><\/span><\/address>\n<address><span style=\"color: #99cc00;\"><b>23\/6\/2018- 25\/6\/2019&gt;&gt; QSL \u00ab<\/b><a style=\"color: #99cc00; font-weight: bold;\" href=\"https:\/\/www.lu6dkt.com.ar\/?p=4014\">1\u00b0 VUELO TRASANDINO EN GLOBO<\/a><b>\u00bb\u00a0\u00a0<\/b><b><u>Cumplida<\/u><\/b><a style=\"color: #99cc00; font-weight: bold;\" href=\"https:\/\/www.lu6dkt.com.ar\/?p=4014\">!!!<\/a><\/span><\/address>\n<address>\u00a0<\/address>\n<\/address>\n<address>\n<address><span style=\"color: #00ff00;\"><strong>JULIO:<\/strong><\/span><\/address>\n<address><span style=\"color: #00ff00;\"><b>16\/7 al 18\/7\/2019 &gt;&gt;QSL \u00ab<\/b><a style=\"font-weight: bold; color: #00ff00;\" href=\"https:\/\/www.lu6dkt.com.ar\/?p=4014\">D\u00cdA\u00a0DEL AUTOMOVILISMO DEPORTIVO\u00bb <\/a><b>\u00a0(Homenaje a J.\u00a0 M. Fangio)Cumplida!!<\/b><\/span><\/address>\n<address><span style=\"color: #00ff00;\"><strong>20\/7 AL 21\/7\/2019&gt;&gt;&gt; QSL <a style=\"color: #00ff00;\" href=\"https:\/\/www.lu6dkt.com.ar\/?p=4014\">\u00abD\u00cdA DEL AMIGO\u00bb<\/a> <b>Cumplida!!<\/b><\/strong><\/span><\/address>\n<address><span style=\"color: #00ff00;\"><strong>25 al 30\/7\/2019&gt;&gt;&gt; QSL \u00bb Aniversario de VILLA VENTANA\u00bb.<b>Cumplida!!<\/b><\/strong><\/span><\/address>\n<address>\u00a0<\/address>\n<address><span style=\"color: #000000;\"><strong>Septiembre 2019:<\/strong><\/span><\/address>\n<\/address>\n<address>\n<address>\n<address><span style=\"color: #00ff00;\"><strong>4 al 6\/9\/2019 &gt;&gt;&gt;&gt;QSL <a style=\"color: #00ff00;\" href=\"https:\/\/www.lu6dkt.com.ar\/?p=3928\">\u00abD\u00eda del SCOUT\u00bb. cumplida!!<\/a> <\/strong><\/span><\/address>\n<address><span style=\"color: #339966;\"><strong>1<span style=\"color: #99cc00;\">0 AL 12\/9\/2019&gt;&gt;&gt; QSL<a style=\"color: #99cc00;\" href=\"https:\/\/www.lu6dkt.com.ar\/?p=4014\"> \u00abNATALICIO DE MANUEL MUJICA LAINEZ\u00bb<\/a> Cumplida!!<\/span><\/strong><\/span><\/address>\n<address>\u00a0<\/address>\n<\/address>\n<address><span style=\"color: #ff00ff;\"><strong><em>Octubre 2019: las actividades del presente mes fueron suspendidas por razones\u00a0<\/em><\/strong><b>clim\u00e1ticas<\/b><\/span><\/address>\n<address><span style=\"color: #000000;\"><b>QSL a un solo QSO \u00a012 de octubre <\/b><a style=\"color: #000000;\" href=\"https:\/\/www.lu6dkt.com.ar\/?p=4014\">\u00abD\u00eda del Respeto a la Diversidad Cultural\u00bb<\/a><\/span><\/address>\n<address><span style=\"color: #000000;\"><strong>3\u00ba s\u00e1bado TX en act. de campo DESDE G. SCOUT LAMADRID JAMBOREE EN EL AIRE 2018 (tentativo)<\/strong><\/span><\/address>\n<address><span style=\"color: #000000;\"><strong>17\/10 Al 19\/10\/2019&gt;&gt;&gt; QSL a un solo QSO \u00ab<a style=\"color: #000000;\" href=\"https:\/\/www.lu6dkt.com.ar\/?p=4014\">Homenaje a la Canonizaci\u00f3n del Cura Brochero\u00bb<\/a>.<\/strong><\/span><\/address>\n<p><span style=\"color: #000000;\"><strong>Noviembre 2019:<\/strong><\/span><\/p>\n<p><span style=\"color: #339966;\"><strong>12 al 14 \/11\/2019&gt;&gt;&gt; QSL <a style=\"color: #339966;\" href=\"https:\/\/www.lu6dkt.com.ar\/?p=4014\">\u00abD\u00eda Internacional de la Diabetes\u00bb<\/a>. cumplida!!<\/strong><\/span><\/p>\n<address><b style=\"color: #000000;\"><span style=\"color: #339966;\">\u00a0<\/span><span style=\"color: #ff0000;\"><span style=\"color: #339966;\">19 al 23 QSL <\/span><\/span><\/b><span style=\"color: #339966;\"><a style=\"color: #339966; font-weight: bold;\" href=\"https:\/\/www.lu6dkt.com.ar\/?p=4014\">\u00abD\u00cdA DE LA SOBERAN\u00cdA NACIONAL<\/a><b>\u00bb\u00a0 \u00a0CUMPLIDA<\/b><b>!!!<\/b><\/span><\/address>\n<address>\u00a0<\/address>\n<address><span style=\"color: #000000;\"><span style=\"color: #339966;\"><strong>27\/11\/2019&gt;&gt;&gt;TX desde barco\u00a0 \u00abALMAMORA\u00bb en APRS\/MM. ( LU6DKT\/M\/M en dicho modo). (tentativo) <\/strong><\/span><span style=\"color: #ff0000;\">LOGRADO LA TX EN EL MODO Y TX DE VIDEO EN VIVO m\u00e1s de 20 min.!! (visitar &gt;&gt;<a href=\"https:\/\/www.lu6dkt.com.ar\/?page_id=4395)\">https:\/\/www.lu6dkt.com.ar\/?page_id=4395)<\/a><\/span><\/span><\/address>\n<address>\u00a0<\/address>\n<address>\u00a0<\/address>\n<\/address>\n<address>\u00a0<\/address>\n<\/address>\n<address><em><strong>\u00a0<\/strong><\/em><\/address>\n<address>\n<address>\u00a0\u00a0<\/address>\n<p><iframe loading=\"lazy\" src=\"https:\/\/www.dxfuncluster.com\/cluster25-50.html\" width=\"690\" height=\"560\" frameborder=\"0\" marginwidth=\"0\" marginheight=\"0\" scrolling=\"no\"><\/iframe><\/p>\n<\/address>\n<p><em><strong>\u00a0 \u00a0 \u00a0<\/strong><\/em><\/p>\n<p><em><strong><span style=\"color: #ff0000;\">\u00a0 \u00a0 \u00a0 \u00a0 \u00a0 \u00a0 \u00a0 \u00a0 \u00a0 \u00a0 \u00a0 \u00a0 \u00a0 \u00a0 \u00a0 \u00a0 \u00a0 \u00a0 \u00a0 \u00a0 \u00a0 \u00a0 \u00a0 \u00a0 \u00a0 \u00a0 \u00a0 \u00a0 \u00a0 \u00a0 \u00a0<\/span><\/strong><\/em><\/p>\n<p><em><strong><span style=\"color: #0000ff;\">\u00a0<\/span><\/strong><\/em><\/p>\n<h2 style=\"text-align: center;\"><strong> \u00a0<span style=\"color: #ff0000;\"> \u00a0&#8211; MIS \u00a0FAVORITOS &#8211;<\/span><\/strong><\/h2>\n<address><a href=\"https:\/\/www.lu6dkt.com.ar\/wp-content\/uploads\/2011\/04\/escudo-rasing-comico.jpg\"><img loading=\"lazy\" class=\"wp-image-3637 alignleft\" src=\"https:\/\/www.lu6dkt.com.ar\/wp-content\/uploads\/2011\/04\/escudo-rasing-comico.jpg\" alt=\"escudo rasing comico\" width=\"173\" height=\"151\" \/><\/a><\/address>\n<p><strong><!-- HRDLOG.net script stop --><\/strong><\/p>\n<p style=\"text-align: center; font: normal 22px Arial;\"><a href=\"https:\/\/www.lu6dkt.com.ar\/wp-content\/uploads\/2013\/02\/malvinas.jpg\"><img loading=\"lazy\" class=\"wp-image-2464 alignright\" src=\"https:\/\/www.lu6dkt.com.ar\/wp-content\/uploads\/2013\/02\/malvinas.jpg\" alt=\"\" width=\"241\" height=\"163\" \/><\/a><\/p>\n","protected":false},"excerpt":{"rendered":"<p>\u00a0 Gracias por visitarme. En este sitio, usted encontrar\u00e1 todo sobre m\u00ed, mi familia, y esta maravillosa actividad, la radioaficion. \u00a0 Thank you for visit me. In this site, you will find all about me, my family, and this wonderful activity, the hamradio. \u00a0 \u00abDESPU\u00c9S DE UN LARGO TIEMPO, POR EL COVID, INTENTAMOS NUEVAMENTE DE [&hellip;]<\/p>\n","protected":false},"author":1,"featured_media":0,"parent":0,"menu_order":0,"comment_status":"closed","ping_status":"closed","template":"","meta":[],"_links":{"self":[{"href":"https:\/\/www.lu6dkt.com.ar\/index.php?rest_route=\/wp\/v2\/pages\/67"}],"collection":[{"href":"https:\/\/www.lu6dkt.com.ar\/index.php?rest_route=\/wp\/v2\/pages"}],"about":[{"href":"https:\/\/www.lu6dkt.com.ar\/index.php?rest_route=\/wp\/v2\/types\/page"}],"author":[{"embeddable":true,"href":"https:\/\/www.lu6dkt.com.ar\/index.php?rest_route=\/wp\/v2\/users\/1"}],"replies":[{"embeddable":true,"href":"https:\/\/www.lu6dkt.com.ar\/index.php?rest_route=%2Fwp%2Fv2%2Fcomments&post=67"}],"version-history":[{"count":621,"href":"https:\/\/www.lu6dkt.com.ar\/index.php?rest_route=\/wp\/v2\/pages\/67\/revisions"}],"predecessor-version":[{"id":4973,"href":"https:\/\/www.lu6dkt.com.ar\/index.php?rest_route=\/wp\/v2\/pages\/67\/revisions\/4973"}],"wp:attachment":[{"href":"https:\/\/www.lu6dkt.com.ar\/index.php?rest_route=%2Fwp%2Fv2%2Fmedia&parent=67"}],"curies":[{"name":"wp","href":"https:\/\/api.w.org\/{rel}","templated":true}]}}